{"id":3000,"date":"2025-07-15T14:30:25","date_gmt":"2025-07-15T12:30:25","guid":{"rendered":"https:\/\/ekh.w3po.de\/?page_id=3000"},"modified":"2025-09-26T15:51:18","modified_gmt":"2025-09-26T13:51:18","slug":"haartransplantation","status":"publish","type":"page","link":"https:\/\/ekh3.w3po.de\/ekh4\/fachgebiete\/haartransplantation\/","title":{"rendered":"Haartransplantation"},"content":{"rendered":"\n<h1 class=\"wp-block-heading has-large-font-size\">Haartransplantation<strong> <\/strong><\/h1>\n\n\n\n<div class=\"wp-block-group is-layout-constrained wp-container-core-group-is-layout-d2ecfd0b wp-block-group-is-layout-constrained\" style=\"padding-top:0;padding-right:0;padding-bottom:var(--wp--preset--spacing--60);padding-left:0\">\n<div class=\"wp-block-columns is-layout-flex wp-container-core-columns-is-layout-e0e4babd wp-block-columns-is-layout-flex\" style=\"padding-right:0;padding-left:0\">\n<div class=\"wp-block-column is-layout-flow wp-block-column-is-layout-flow\" style=\"padding-right:var(--wp--preset--spacing--60);padding-left:0;flex-basis:35%\">\n<figure class=\"wp-block-image size-full\"><img loading=\"lazy\" decoding=\"async\" width=\"1400\" height=\"933\" src=\"https:\/\/ekh3.w3po.de\/ekh4\/wp-content\/uploads\/sites\/2\/2025\/09\/haar_2.webp\" alt=\"\" class=\"wp-image-4154\" srcset=\"https:\/\/ekh3.w3po.de\/ekh4\/wp-content\/uploads\/sites\/2\/2025\/09\/haar_2.webp 1400w, https:\/\/ekh3.w3po.de\/ekh4\/wp-content\/uploads\/sites\/2\/2025\/09\/haar_2-300x200.webp 300w, https:\/\/ekh3.w3po.de\/ekh4\/wp-content\/uploads\/sites\/2\/2025\/09\/haar_2-1024x682.webp 1024w, https:\/\/ekh3.w3po.de\/ekh4\/wp-content\/uploads\/sites\/2\/2025\/09\/haar_2-768x512.webp 768w\" sizes=\"auto, (max-width: 1400px) 100vw, 1400px\" \/><\/figure>\n<\/div>\n\n\n\n<div class=\"wp-block-column is-layout-flow wp-block-column-is-layout-flow\">\n<h1 class=\"wp-block-heading\"><strong>Ihre Experten f\u00fcr nat\u00fcrliche Haartransplantation<\/strong><\/h1>\n\n\n\n<p>Haarausfall kann eine gro\u00dfe Herausforderung sein \u2013 doch wir sind hier, um Ihnen zu helfen! Mit modernsten Techniken und jahrelanger Erfahrung bieten wir Ihnen individuelle L\u00f6sungen f\u00fcr volleres, nat\u00fcrliches Haar. Unser Ziel ist es, Ihnen nicht nur Ihr Haar, sondern auch Ihr Selbstbewusstsein zur\u00fcckzugeben.<\/p>\n<\/div>\n<\/div>\n\n\n\n<h1 class=\"wp-block-heading\"><strong>Warum wir?<\/strong><\/h1>\n\n\n\n<ul class=\"wp-block-list\">\n<li><strong>Erfahrung &amp; Expertise<\/strong> \u2013 Unser Team besteht aus spezialisierten Fach\u00e4rzten mit langj\u00e4hriger Erfahrung.<\/li>\n\n\n\n<li><strong>Nat\u00fcrliche Ergebnisse<\/strong> \u2013 Wir arbeiten mit pr\u00e4zisen Techniken, um ein \u00e4sthetisches und harmonisches Ergebnis zu erzielen.<\/li>\n\n\n\n<li><strong>Individuelle Beratung<\/strong> \u2013 Wir nehmen uns die Zeit, Ihre W\u00fcnsche und Erwartungen genau zu verstehen.<\/li>\n\n\n\n<li><strong>Moderne Methoden<\/strong> \u2013 Wir verwenden innovative Verfahren wie die <a href=\"https:\/\/hair-transplant-clinic.de\/haartransplantation\/saphir-fue-methode\/\">FUE<\/a>\u2013 und <a href=\"https:\/\/hair-transplant-clinic.de\/haartransplantation\/dhi-fue-methode\/\" target=\"_blank\" rel=\"noreferrer noopener\">DHI-Technik<\/a> f\u00fcr schonende und effektive Haartransplantationen.<\/li>\n<\/ul>\n\n\n\n<h1 class=\"wp-block-heading\"><strong>Ihr Weg zu vollem Haar beginnt hier<\/strong><\/h1>\n\n\n\n<p>Lassen Sie sich von uns beraten und machen Sie den ersten Schritt zu mehr Selbstvertrauen. Vereinbaren Sie jetzt Ihr pers\u00f6nliches Beratungsgespr\u00e4ch \u2013 wir freuen uns darauf, Sie auf Ihrem Weg zu vollem Haar zu begleiten!<\/p>\n\n\n\n<div class=\"wp-block-buttons is-layout-flex wp-block-buttons-is-layout-flex\">\n<div class=\"wp-block-button\"><a class=\"wp-block-button__link wp-element-button\" href=\"https:\/\/hair-transplant-clinic.de\" target=\"_blank\" rel=\"noreferrer noopener\">mehr erfahren<\/a><\/div>\n<\/div>\n<\/div>\n","protected":false},"excerpt":{"rendered":"<p>Haartransplantation Ihre Experten f\u00fcr nat\u00fcrliche Haartransplantation Haarausfall kann eine gro\u00dfe Herausforderung sein \u2013 doch wir sind hier, um Ihnen zu [&hellip;]<\/p>\n","protected":false},"author":1,"featured_media":4164,"parent":60,"menu_order":195,"comment_status":"closed","ping_status":"closed","template":"","meta":{"site-sidebar-layout":"default","site-content-layout":"","ast-site-content-layout":"default","site-content-style":"default","site-sidebar-style":"default","ast-global-header-display":"","ast-banner-title-visibility":"","ast-main-header-display":"","ast-hfb-above-header-display":"","ast-hfb-below-header-display":"","ast-hfb-mobile-header-display":"","site-post-title":"","ast-breadcrumbs-content":"","ast-featured-img":"","footer-sml-layout":"","theme-transparent-header-meta":"","adv-header-id-meta":"","stick-header-meta":"","header-above-stick-meta":"","header-main-stick-meta":"","header-below-stick-meta":"","astra-migrate-meta-layouts":"default","ast-page-background-enabled":"default","ast-page-background-meta":{"desktop":{"background-color":"var(--ast-global-color-5)","background-image":"","background-repeat":"repeat","background-position":"center center","background-size":"auto","background-attachment":"scroll","background-type":"","background-media":"","overlay-type":"","overlay-color":"","overlay-opacity":"","overlay-gradient":""},"tablet":{"background-color":"","background-image":"","background-repeat":"repeat","background-position":"center center","background-size":"auto","background-attachment":"scroll","background-type":"","background-media":"","overlay-type":"","overlay-color":"","overlay-opacity":"","overlay-gradient":""},"mobile":{"background-color":"","background-image":"","background-repeat":"repeat","background-position":"center center","background-size":"auto","background-attachment":"scroll","background-type":"","background-media":"","overlay-type":"","overlay-color":"","overlay-opacity":"","overlay-gradient":""}},"ast-content-background-meta":{"desktop":{"background-color":"var(--ast-global-color-4)","background-image":"","background-repeat":"repeat","background-position":"center center","background-size":"auto","background-attachment":"scroll","background-type":"","background-media":"","overlay-type":"","overlay-color":"","overlay-opacity":"","overlay-gradient":""},"tablet":{"background-color":"var(--ast-global-color-4)","background-image":"","background-repeat":"repeat","background-position":"center center","background-size":"auto","background-attachment":"scroll","background-type":"","background-media":"","overlay-type":"","overlay-color":"","overlay-opacity":"","overlay-gradient":""},"mobile":{"background-color":"var(--ast-global-color-4)","background-image":"","background-repeat":"repeat","background-position":"center center","background-size":"auto","background-attachment":"scroll","background-type":"","background-media":"","overlay-type":"","overlay-color":"","overlay-opacity":"","overlay-gradient":""}},"footnotes":""},"class_list":["post-3000","page","type-page","status-publish","has-post-thumbnail","hentry"],"_links":{"self":[{"href":"https:\/\/ekh3.w3po.de\/ekh4\/wp-json\/wp\/v2\/pages\/3000","targetHints":{"allow":["GET"]}}],"collection":[{"href":"https:\/\/ekh3.w3po.de\/ekh4\/wp-json\/wp\/v2\/pages"}],"about":[{"href":"https:\/\/ekh3.w3po.de\/ekh4\/wp-json\/wp\/v2\/types\/page"}],"author":[{"embeddable":true,"href":"https:\/\/ekh3.w3po.de\/ekh4\/wp-json\/wp\/v2\/users\/1"}],"replies":[{"embeddable":true,"href":"https:\/\/ekh3.w3po.de\/ekh4\/wp-json\/wp\/v2\/comments?post=3000"}],"version-history":[{"count":13,"href":"https:\/\/ekh3.w3po.de\/ekh4\/wp-json\/wp\/v2\/pages\/3000\/revisions"}],"predecessor-version":[{"id":4163,"href":"https:\/\/ekh3.w3po.de\/ekh4\/wp-json\/wp\/v2\/pages\/3000\/revisions\/4163"}],"up":[{"embeddable":true,"href":"https:\/\/ekh3.w3po.de\/ekh4\/wp-json\/wp\/v2\/pages\/60"}],"wp:featuredmedia":[{"embeddable":true,"href":"https:\/\/ekh3.w3po.de\/ekh4\/wp-json\/wp\/v2\/media\/4164"}],"wp:attachment":[{"href":"https:\/\/ekh3.w3po.de\/ekh4\/wp-json\/wp\/v2\/media?parent=3000"}],"curies":[{"name":"wp","href":"https:\/\/api.w.org\/{rel}","templated":true}]}}