{"id":44,"date":"2025-06-26T13:51:28","date_gmt":"2025-06-26T11:51:28","guid":{"rendered":"https:\/\/ekh.w3po.de\/?page_id=44"},"modified":"2025-07-11T10:13:40","modified_gmt":"2025-07-11T08:13:40","slug":"portrait","status":"publish","type":"page","link":"https:\/\/ekh3.w3po.de\/ekh4\/klinik\/portrait\/","title":{"rendered":"Portrait"},"content":{"rendered":"\n<h1 class=\"wp-block-heading has-large-font-size\">Portrait<\/h1>\n\n\n\n<p>Die Eilenriede Klinik geh\u00f6rt zu den f\u00fchrenden medizinischen Einrichtungen in Deutschland. Wir bieten unseren Patienten ein breit gef\u00e4chertes Leistungsspektrum auf folgenden Gebieten:<\/p>\n\n\n\n\t\t\t<style>\n\t\t\t\t.beitrag_grid_wrapper.flexbox{display: flex;gap: 20px;flex-wrap: wrap;width: 100%;padding: 6px 6px 20px 8px;}\n\t\t\t\t.beitrag_grid_wrapper.flexbox.col_3 .box{width: 30%;flex-grow: 1;}\n\t\t\t\t.beitrag_grid_wrapper.flexbox.col_2 .box{width: 33%;flex-grow: 1;}\n\n        .box {\n            width: 100%;\n            padding: 20px;\n            border-radius: 8px;\n            text-align: center;\n            background-color: #ffffff;\n            box-shadow: 0 4px 8px rgba(0, 0, 0, 0.1);\n            transition: transform 0.2s ease-in-out, box-shadow 0.2s ease-in-out;\n        }\n\n        .box:hover {\n            transform: translateY(-5px);\n            box-shadow: 0 8px 16px rgba(0, 0, 0, 0.2);\n        }\n        \n        .box h3 {\n            margin: 0;\n            font-size: 18px;\n            color: #333333;\n        }\n\n\t\t\t<\/style>\n\t\t<div class=\"beitrag_grid_wrapper flexbox col_3\">\n\t\t\t\t\t\t\t<a class='box' href='https:\/\/ekh3.w3po.de\/ekh4\/fachgebiete\/anaesthesie\/'><div>\n\t\t\t\t\t\t\t    <h3>An\u00e4sthesie<\/h3>\n\t\t\t\t\t\t\t<\/div><\/a>\n\n\t\t\t\t\t\t\n\t\t\t\t\t\t\t<a class='box' href='https:\/\/ekh3.w3po.de\/ekh4\/fachgebiete\/aesthetische-chirurgie\/'><div>\n\t\t\t\t\t\t\t    <h3>\u00c4sthetische Chirurgie<\/h3>\n\t\t\t\t\t\t\t<\/div><\/a>\n\n\t\t\t\t\t\t\n\t\t\t\t\t\t\t<a class='box' href='https:\/\/ekh3.w3po.de\/ekh4\/fachgebiete\/chirurgie\/'><div>\n\t\t\t\t\t\t\t    <h3>Chirurgie<\/h3>\n\t\t\t\t\t\t\t<\/div><\/a>\n\n\t\t\t\t\t\t\n\t\t\t\t\t\t\t<a class='box' href='https:\/\/ekh3.w3po.de\/ekh4\/fachgebiete\/hno\/'><div>\n\t\t\t\t\t\t\t    <h3>HNO<\/h3>\n\t\t\t\t\t\t\t<\/div><\/a>\n\n\t\t\t\t\t\t\n\t\t\t\t\t\t\t<a class='box' href='https:\/\/ekh3.w3po.de\/ekh4\/fachgebiete\/neurochirurgie\/'><div>\n\t\t\t\t\t\t\t    <h3>Neurochirurgie<\/h3>\n\t\t\t\t\t\t\t<\/div><\/a>\n\n\t\t\t\t\t\t\n\t\t\t\t\t\t\t<a class='box' href='https:\/\/ekh3.w3po.de\/ekh4\/fachgebiete\/onkologie\/'><div>\n\t\t\t\t\t\t\t    <h3>Onkologie<\/h3>\n\t\t\t\t\t\t\t<\/div><\/a>\n\n\t\t\t\t\t\t\n\t\t\t\t\t\t\t<a class='box' href='https:\/\/ekh3.w3po.de\/ekh4\/fachgebiete\/orthopaedie-gelenkchirurgie\/'><div>\n\t\t\t\t\t\t\t    <h3>Orthop\u00e4die - Gelenkchirurgie<\/h3>\n\t\t\t\t\t\t\t<\/div><\/a>\n\n\t\t\t\t\t\t\n\t\t\t\t\t\t\t<a class='box' href='https:\/\/ekh3.w3po.de\/ekh4\/fachgebiete\/schmerztherapie\/'><div>\n\t\t\t\t\t\t\t    <h3>Schmerztherapie<\/h3>\n\t\t\t\t\t\t\t<\/div><\/a>\n\n\t\t\t\t\t\t\n\t\t\t\t\t\t\t<a class='box' href='https:\/\/ekh3.w3po.de\/ekh4\/fachgebiete\/urologie\/'><div>\n\t\t\t\t\t\t\t    <h3>Urologie<\/h3>\n\t\t\t\t\t\t\t<\/div><\/a>\n\n\t\t\t\t\t\t\n\t\t\t\t\t\t\t<a class='box' href='https:\/\/ekh3.w3po.de\/ekh4\/fachgebiete\/venenzentrum\/'><div>\n\t\t\t\t\t\t\t    <h3>Venenzentrum<\/h3>\n\t\t\t\t\t\t\t<\/div><\/a>\n\n\t\t\t\t\t\t\n\t\t\t\t\t\t\t<a class='box' href='https:\/\/ekh3.w3po.de\/ekh4\/fachgebiete\/haartransplantation\/'><div>\n\t\t\t\t\t\t\t    <h3>Haartransplantation<\/h3>\n\t\t\t\t\t\t\t<\/div><\/a>\n\n\t\t\t\t\t\t<\/div>\n\n\n\n<p><br>Das gleichbleibend hervorragende Level der medizinischen Behandlung und Versorgung wird durch eine interne Qualit\u00e4tssicherung gew\u00e4hrleistet. Alle Phasen der medizinischen und pflegerischen Ma\u00dfnahmen sind l\u00fcckenlos aufeinander abgestimmt und werden permanent gepr\u00fcft. <br><br>Absolute Priorit\u00e4t hat f\u00fcr uns die Patientenzufriedenheit. Diese erreichen wir durch fortschrittlichste Diagnosetechniken und Behandlungsmethoden, kurze Operationszeiten, individuelle Therapiema\u00dfnahmen und umfassende Beratungsleistungen. Deshalb belegt die Eilenriede Klinik auch immer wieder vorderste Pl\u00e4tze in entsprechenden Umfragen der Krankenkassen.<\/p>\n","protected":false},"excerpt":{"rendered":"<p>Portrait Die Eilenriede Klinik geh\u00f6rt zu den f\u00fchrenden medizinischen Einrichtungen in Deutschland. Wir bieten unseren Patienten ein breit gef\u00e4chertes Leistungsspektrum [&hellip;]<\/p>\n","protected":false},"author":1,"featured_media":139,"parent":30,"menu_order":20,"comment_status":"closed","ping_status":"closed","template":"","meta":{"site-sidebar-layout":"default","site-content-layout":"","ast-site-content-layout":"default","site-content-style":"default","site-sidebar-style":"default","ast-global-header-display":"","ast-banner-title-visibility":"","ast-main-header-display":"","ast-hfb-above-header-display":"","ast-hfb-below-header-display":"","ast-hfb-mobile-header-display":"","site-post-title":"","ast-breadcrumbs-content":"","ast-featured-img":"","footer-sml-layout":"","theme-transparent-header-meta":"","adv-header-id-meta":"","stick-header-meta":"","header-above-stick-meta":"","header-main-stick-meta":"","header-below-stick-meta":"","astra-migrate-meta-layouts":"default","ast-page-background-enabled":"default","ast-page-background-meta":{"desktop":{"background-color":"var(--ast-global-color-5)","background-image":"","background-repeat":"repeat","background-position":"center center","background-size":"auto","background-attachment":"scroll","background-type":"","background-media":"","overlay-type":"","overlay-color":"","overlay-opacity":"","overlay-gradient":""},"tablet":{"background-color":"","background-image":"","background-repeat":"repeat","background-position":"center center","background-size":"auto","background-attachment":"scroll","background-type":"","background-media":"","overlay-type":"","overlay-color":"","overlay-opacity":"","overlay-gradient":""},"mobile":{"background-color":"","background-image":"","background-repeat":"repeat","background-position":"center center","background-size":"auto","background-attachment":"scroll","background-type":"","background-media":"","overlay-type":"","overlay-color":"","overlay-opacity":"","overlay-gradient":""}},"ast-content-background-meta":{"desktop":{"background-color":"var(--ast-global-color-4)","background-image":"","background-repeat":"repeat","background-position":"center center","background-size":"auto","background-attachment":"scroll","background-type":"","background-media":"","overlay-type":"","overlay-color":"","overlay-opacity":"","overlay-gradient":""},"tablet":{"background-color":"var(--ast-global-color-4)","background-image":"","background-repeat":"repeat","background-position":"center center","background-size":"auto","background-attachment":"scroll","background-type":"","background-media":"","overlay-type":"","overlay-color":"","overlay-opacity":"","overlay-gradient":""},"mobile":{"background-color":"var(--ast-global-color-4)","background-image":"","background-repeat":"repeat","background-position":"center center","background-size":"auto","background-attachment":"scroll","background-type":"","background-media":"","overlay-type":"","overlay-color":"","overlay-opacity":"","overlay-gradient":""}},"footnotes":""},"class_list":["post-44","page","type-page","status-publish","has-post-thumbnail","hentry"],"_links":{"self":[{"href":"https:\/\/ekh3.w3po.de\/ekh4\/wp-json\/wp\/v2\/pages\/44","targetHints":{"allow":["GET"]}}],"collection":[{"href":"https:\/\/ekh3.w3po.de\/ekh4\/wp-json\/wp\/v2\/pages"}],"about":[{"href":"https:\/\/ekh3.w3po.de\/ekh4\/wp-json\/wp\/v2\/types\/page"}],"author":[{"embeddable":true,"href":"https:\/\/ekh3.w3po.de\/ekh4\/wp-json\/wp\/v2\/users\/1"}],"replies":[{"embeddable":true,"href":"https:\/\/ekh3.w3po.de\/ekh4\/wp-json\/wp\/v2\/comments?post=44"}],"version-history":[{"count":8,"href":"https:\/\/ekh3.w3po.de\/ekh4\/wp-json\/wp\/v2\/pages\/44\/revisions"}],"predecessor-version":[{"id":2774,"href":"https:\/\/ekh3.w3po.de\/ekh4\/wp-json\/wp\/v2\/pages\/44\/revisions\/2774"}],"up":[{"embeddable":true,"href":"https:\/\/ekh3.w3po.de\/ekh4\/wp-json\/wp\/v2\/pages\/30"}],"wp:featuredmedia":[{"embeddable":true,"href":"https:\/\/ekh3.w3po.de\/ekh4\/wp-json\/wp\/v2\/media\/139"}],"wp:attachment":[{"href":"https:\/\/ekh3.w3po.de\/ekh4\/wp-json\/wp\/v2\/media?parent=44"}],"curies":[{"name":"wp","href":"https:\/\/api.w.org\/{rel}","templated":true}]}}