{"id":48,"date":"2025-06-26T13:52:34","date_gmt":"2025-06-26T11:52:34","guid":{"rendered":"https:\/\/ekh.w3po.de\/?page_id=48"},"modified":"2025-10-01T14:42:30","modified_gmt":"2025-10-01T12:42:30","slug":"klinikleitung","status":"publish","type":"page","link":"https:\/\/ekh3.w3po.de\/ekh4\/klinik\/klinikleitung\/","title":{"rendered":"Klinikleitung"},"content":{"rendered":"\n<div class=\"wp-block-group is-layout-constrained wp-container-core-group-is-layout-6f69087b wp-block-group-is-layout-constrained\" style=\"margin-bottom:var(--wp--preset--spacing--70);padding-top:0;padding-right:0;padding-bottom:0;padding-left:0\">\n<div class=\"wp-block-columns is-layout-flex wp-container-core-columns-is-layout-28f84493 wp-block-columns-is-layout-flex\">\n<div class=\"wp-block-column is-layout-flow wp-block-column-is-layout-flow\">\n<h2 class=\"wp-block-heading\">Klinikleitung<\/h2>\n\n\n<div class=\"aktuelles-wrapper\" style=\"margin-top: 20px;\"><div class=\"aktuelles-post-wrapper theme_style_2\" style=\"overflow: hidden;width: 100%;\"><div class=\"artikel-thumbnail\" style=\"background-image: url(https:\/\/ekh3.w3po.de\/ekh4\/wp-content\/uploads\/sites\/2\/2024\/12\/Dr.Hutter-AI1_new.jpg); height: px;width: 49%;float: left;margin-bottom: 20px;background-size: cover;background-position: center;\"><\/div><div class=\"artikel-text\" style=\"width: 49%;float: right;\"><a href=\"https:\/\/ekh3.w3po.de\/ekh4\/michael-j-hutter\/\"><h2>Dr. med. Michael J. Hutter<\/h2><\/a>\u00c4rztlicher Leiter, Gesch\u00e4ftsf\u00fchrer\n\n\n<br><br>\n\nTelefon: 0511-990440\n<br>\nEmail : info@eilenriedeklinik.de<br>\n<br>\n<\/div><\/div><div class=\"aktuelles-post-wrapper theme_style_2\" style=\"overflow: hidden;width: 100%;\"><div class=\"artikel-thumbnail\" style=\"background-image: url(https:\/\/ekh3.w3po.de\/ekh4\/wp-content\/uploads\/sites\/2\/2025\/07\/grunewald-1.jpg); height: px;width: 49%;float: left;margin-bottom: 20px;background-size: cover;background-position: center;\"><\/div><div class=\"artikel-text\" style=\"width: 49%;float: right;\"><a href=\"https:\/\/ekh3.w3po.de\/ekh4\/michaela-grunewald-busch\/\"><h2>Michaela Grunewald-Busch<\/h2><\/a>Klinikmanagerin <br><br>\nTelefon: 0511 5156966150<br>\nE-Mail: info@eilenriedeklinik.de<\/div><\/div><div class=\"aktuelles-post-wrapper theme_style_2\" style=\"overflow: hidden;width: 100%;\"><div class=\"artikel-thumbnail\" style=\"background-image: url(https:\/\/ekh3.w3po.de\/ekh4\/wp-content\/uploads\/sites\/2\/2025\/07\/nadine.jpg); height: px;width: 49%;float: left;margin-bottom: 20px;background-size: cover;background-position: center;\"><\/div><div class=\"artikel-text\" style=\"width: 49%;float: right;\"><a href=\"https:\/\/ekh3.w3po.de\/ekh4\/nadine-koenig\/\"><h2>Nadine K\u00f6nig<\/h2><\/a>Klinikmanagement<br><br>\nTelefon: 0511 515696140 <br>\nE-Mail: info@eilenriedeklinik.de<\/div><\/div><\/div>\n<\/div>\n<\/div>\n<\/div>\n\n\n\n<div class=\"wp-block-group is-layout-constrained wp-container-core-group-is-layout-639b5052 wp-block-group-is-layout-constrained\" style=\"padding-top:0;padding-right:0;padding-bottom:0;padding-left:0\">\n<div class=\"wp-block-columns is-layout-flex wp-container-core-columns-is-layout-28f84493 wp-block-columns-is-layout-flex\">\n<div class=\"wp-block-column is-layout-flow wp-block-column-is-layout-flow\" style=\"flex-basis:66.4%\">\n<h2 class=\"wp-block-heading\">\u00c4rztlicher Direktor<\/h2>\n\n\n<div class=\"aktuelles-wrapper\" style=\"margin-top: 20px;\"><div class=\"aktuelles-post-wrapper theme_style_2\" style=\"overflow: hidden;width: 100%;\"><div class=\"artikel-thumbnail\" style=\"background-image: url(https:\/\/ekh3.w3po.de\/ekh4\/wp-content\/uploads\/sites\/2\/2024\/11\/Razeq-Alimy-1_new.jpg); height: px;width: 49%;float: left;margin-bottom: 20px;background-size: cover;background-position: center;\"><\/div><div class=\"artikel-text\" style=\"width: 49%;float: right;\"><a href=\"https:\/\/ekh3.w3po.de\/ekh4\/a-razeq-alimy\/\"><h2>A. Razeq Alimy<\/h2><\/a>Facharzt f\u00fcr An\u00e4sthesie, Schmerztherapie und Akupunktur. \u00c4rztlicher Leiter der Eilenriedeklinik und OP-Manager.<br>\n<br>\nTelefon: 0511-8664501<br>\nEmail: alimy@schmerzdienste.de<\/div><\/div><div class=\"aktuelles-post-wrapper theme_style_2\" style=\"overflow: hidden;width: 100%;\"><div class=\"artikel-thumbnail\" style=\"background-image: url(https:\/\/ekh3.w3po.de\/ekh4\/wp-content\/uploads\/sites\/2\/2024\/12\/philipp_lobenhoffer3.jpg); height: px;width: 49%;float: left;margin-bottom: 20px;background-size: cover;background-position: center;\"><\/div><div class=\"artikel-text\" style=\"width: 49%;float: right;\"><a href=\"https:\/\/ekh3.w3po.de\/ekh4\/prof-dr-med-philipp-lobenhoffer\/\"><h2>Prof. Dr. med. Philipp Lobenhoffer<\/h2><\/a>Facharzt f\u00fcr Chirurgie, \nSpezielle Unfallchirurgie,\nFacharzt f\u00fcr Orthop\u00e4die und Unfallchirurgie, Knie-Spezialist.<br>\nTelefon:  0511-70052511<br>\nEmail: info@g-o-hannover.de<br>\n<br>\n<div class=\"zertifikat-shortcode\">\n<div class=\"zertifikate-top-medizin\" style=\"background-image: url('\/wp-content\/uploads\/sites\/2\/2025\/07\/5.png')\">\n<\/div>\n<div class=\"zertifikate-top-medizin\" style=\"background-image: url('\/wp-content\/uploads\/sites\/2\/2025\/08\/top24.png')\">\n<\/div>\n\n<div class=\"zertifikate-top-medizin\" style=\"background-image: url('\/wp-content\/uploads\/sites\/2\/2025\/07\/8.png')\">\n<\/div>\n<div class=\"zertifikate-top-medizin\" style=\"background-image: url('\/wp-content\/uploads\/sites\/2\/2025\/08\/knee.png')\">\n<\/div>\n<\/div><\/div><\/div><\/div>\n<\/div>\n\n\n\n<div class=\"wp-block-column is-layout-flow wp-block-column-is-layout-flow\"><\/div>\n<\/div>\n<\/div>\n","protected":false},"excerpt":{"rendered":"<p>Klinikleitung \u00c4rztlicher Direktor<\/p>\n","protected":false},"author":1,"featured_media":4251,"parent":30,"menu_order":40,"comment_status":"closed","ping_status":"closed","template":"","meta":{"site-sidebar-layout":"default","site-content-layout":"","ast-site-content-layout":"default","site-content-style":"default","site-sidebar-style":"default","ast-global-header-display":"","ast-banner-title-visibility":"","ast-main-header-display":"","ast-hfb-above-header-display":"","ast-hfb-below-header-display":"","ast-hfb-mobile-header-display":"","site-post-title":"","ast-breadcrumbs-content":"","ast-featured-img":"","footer-sml-layout":"","theme-transparent-header-meta":"","adv-header-id-meta":"","stick-header-meta":"","header-above-stick-meta":"","header-main-stick-meta":"","header-below-stick-meta":"","astra-migrate-meta-layouts":"default","ast-page-background-enabled":"default","ast-page-background-meta":{"desktop":{"background-color":"var(--ast-global-color-5)","background-image":"","background-repeat":"repeat","background-position":"center center","background-size":"auto","background-attachment":"scroll","background-type":"","background-media":"","overlay-type":"","overlay-color":"","overlay-opacity":"","overlay-gradient":""},"tablet":{"background-color":"","background-image":"","background-repeat":"repeat","background-position":"center center","background-size":"auto","background-attachment":"scroll","background-type":"","background-media":"","overlay-type":"","overlay-color":"","overlay-opacity":"","overlay-gradient":""},"mobile":{"background-color":"","background-image":"","background-repeat":"repeat","background-position":"center center","background-size":"auto","background-attachment":"scroll","background-type":"","background-media":"","overlay-type":"","overlay-color":"","overlay-opacity":"","overlay-gradient":""}},"ast-content-background-meta":{"desktop":{"background-color":"var(--ast-global-color-4)","background-image":"","background-repeat":"repeat","background-position":"center center","background-size":"auto","background-attachment":"scroll","background-type":"","background-media":"","overlay-type":"","overlay-color":"","overlay-opacity":"","overlay-gradient":""},"tablet":{"background-color":"var(--ast-global-color-4)","background-image":"","background-repeat":"repeat","background-position":"center center","background-size":"auto","background-attachment":"scroll","background-type":"","background-media":"","overlay-type":"","overlay-color":"","overlay-opacity":"","overlay-gradient":""},"mobile":{"background-color":"var(--ast-global-color-4)","background-image":"","background-repeat":"repeat","background-position":"center center","background-size":"auto","background-attachment":"scroll","background-type":"","background-media":"","overlay-type":"","overlay-color":"","overlay-opacity":"","overlay-gradient":""}},"footnotes":""},"class_list":["post-48","page","type-page","status-publish","has-post-thumbnail","hentry"],"_links":{"self":[{"href":"https:\/\/ekh3.w3po.de\/ekh4\/wp-json\/wp\/v2\/pages\/48","targetHints":{"allow":["GET"]}}],"collection":[{"href":"https:\/\/ekh3.w3po.de\/ekh4\/wp-json\/wp\/v2\/pages"}],"about":[{"href":"https:\/\/ekh3.w3po.de\/ekh4\/wp-json\/wp\/v2\/types\/page"}],"author":[{"embeddable":true,"href":"https:\/\/ekh3.w3po.de\/ekh4\/wp-json\/wp\/v2\/users\/1"}],"replies":[{"embeddable":true,"href":"https:\/\/ekh3.w3po.de\/ekh4\/wp-json\/wp\/v2\/comments?post=48"}],"version-history":[{"count":21,"href":"https:\/\/ekh3.w3po.de\/ekh4\/wp-json\/wp\/v2\/pages\/48\/revisions"}],"predecessor-version":[{"id":4187,"href":"https:\/\/ekh3.w3po.de\/ekh4\/wp-json\/wp\/v2\/pages\/48\/revisions\/4187"}],"up":[{"embeddable":true,"href":"https:\/\/ekh3.w3po.de\/ekh4\/wp-json\/wp\/v2\/pages\/30"}],"wp:featuredmedia":[{"embeddable":true,"href":"https:\/\/ekh3.w3po.de\/ekh4\/wp-json\/wp\/v2\/media\/4251"}],"wp:attachment":[{"href":"https:\/\/ekh3.w3po.de\/ekh4\/wp-json\/wp\/v2\/media?parent=48"}],"curies":[{"name":"wp","href":"https:\/\/api.w.org\/{rel}","templated":true}]}}