{"id":58,"date":"2025-06-26T13:56:19","date_gmt":"2025-06-26T11:56:19","guid":{"rendered":"https:\/\/ekh.w3po.de\/?page_id=58"},"modified":"2025-07-24T12:29:16","modified_gmt":"2025-07-24T10:29:16","slug":"behandlungsgebiete","status":"publish","type":"page","link":"https:\/\/ekh3.w3po.de\/ekh4\/behandlungsgebiete\/","title":{"rendered":"Behandlungsgebiete"},"content":{"rendered":"\n<h2 class=\"wp-block-heading\">Behandlungsgebiete<\/h2>\n\n\n\n<div class=\"wp-block-columns is-layout-flex wp-container-core-columns-is-layout-a5331a9e wp-block-columns-is-layout-flex\" style=\"padding-top:0;padding-right:0;padding-bottom:0;padding-left:0\">\n<div class=\"wp-block-column is-layout-flow wp-block-column-is-layout-flow\">\n<h3 class=\"wp-block-heading has-dark-gray-color has-text-color has-link-color wp-elements-49417c1d2743faf5b5d042307e80eeb2\"><a href=\"\/fachgebiete\/schmerztherapie\/\">An\u00e4sthesie und Schmerztherapie<\/a><\/h3>\n\n\n\n<ul class=\"wp-block-list\">\n<li>An\u00e4sthesie<\/li>\n\n\n\n<li>Schmerztherapie<\/li>\n<\/ul>\n\n\n\n<h3 class=\"wp-block-heading has-dark-gray-color has-text-color has-link-color wp-elements-f95f5d277c0f8ab93f4eb4fae3ed8964\"><a href=\"\/fachgebiete\/hno\/\">Hals-Nasen-Ohren-Heilkunde<\/a><\/h3>\n\n\n\n<ul class=\"wp-block-list\">\n<li>Nasenkorrektur (Septumplastik, Nasenmuscheloperationen)<\/li>\n\n\n\n<li>Plastisch-\u00e4sthetische Operationen<\/li>\n\n\n\n<li>Nasen- und Nasennebenh\u00f6hlenchirurgie<\/li>\n<\/ul>\n\n\n\n<h3 class=\"wp-block-heading has-dark-gray-color has-text-color has-link-color wp-elements-11fb0096e539825e467610a13217811e\"><a href=\"\/fachgebiete\/orthopaedie-gelenkchirurgie\/\">Knie<\/a><\/h3>\n\n\n\n<ul class=\"wp-block-list\">\n<li>Erkrankungen\n<ul class=\"wp-block-list\">\n<li>Kniearthrose (Gonarthrose)<\/li>\n\n\n\n<li>Nekrosen (M. Ahlbeck)<\/li>\n\n\n\n<li>Kreuzbandverletzungen<\/li>\n\n\n\n<li>Meniskussch\u00e4den<\/li>\n\n\n\n<li>Achsfehlstellungen<\/li>\n\n\n\n<li>Patellainstabilit\u00e4ten<\/li>\n<\/ul>\n<\/li>\n\n\n\n<li>Behandlungen\n<ul class=\"wp-block-list\">\n<li>Mediale Schlittenprothesen<\/li>\n\n\n\n<li>Laterale Schlittenprothesen<\/li>\n\n\n\n<li>Knieprothesen<\/li>\n\n\n\n<li>Arthroskopische Kreuzbandrekonstruktion<\/li>\n\n\n\n<li>Knie-Arthroskopien<\/li>\n\n\n\n<li>Umstellungsosteotomien<\/li>\n\n\n\n<li>MPFL-Rekonstruktionen<\/li>\n<\/ul>\n<\/li>\n<\/ul>\n\n\n\n<h3 class=\"wp-block-heading has-dark-gray-color has-text-color has-link-color wp-elements-88d17b36a8747788710761259dfb9213\"><a href=\"\/fachgebiete\/orthopaedie-gelenkchirurgie\/\">H\u00fcfte<\/a><\/h3>\n\n\n\n<ul class=\"wp-block-list\">\n<li>Erkrankungen\n<ul class=\"wp-block-list\">\n<li>H\u00fcftarthrose (Koxarthrose)<\/li>\n\n\n\n<li>H\u00fcftkopfnekrose<\/li>\n\n\n\n<li>Femoroazetabul\u00e4res Impingement<\/li>\n\n\n\n<li>Chronische Sehnenansatzreizungen der Ges\u00e4\u00dfmuskulatur<\/li>\n\n\n\n<li>Beschwerden nach H\u00fcft-TEP<\/li>\n<\/ul>\n<\/li>\n\n\n\n<li>Behandlungen\n<ul class=\"wp-block-list\">\n<li>H\u00fcft-TEP (minimal-invasiv)<\/li>\n\n\n\n<li>Anbohrung der H\u00fcftkopfnekrose<\/li>\n\n\n\n<li>Minimal-invasives Abtragung von FAI<\/li>\n\n\n\n<li>Refixation der Glutealmuskulatur<\/li>\n\n\n\n<li>H\u00fcft-TEP-Wechsel<\/li>\n<\/ul>\n<\/li>\n<\/ul>\n\n\n\n<h3 class=\"wp-block-heading has-dark-gray-color has-text-color has-link-color wp-elements-02b0e9a0b6c92abaf57e57aaffd46b29\"><a href=\"\/fachgebiete\/orthopaedie-gelenkchirurgie\/\">Ellenbogen<\/a><\/h3>\n\n\n\n<ul class=\"wp-block-list\">\n<li>Erkrankungen\n<ul class=\"wp-block-list\">\n<li>chronische Sehnenansatzreizung (Tennisellenbogen)<\/li>\n\n\n\n<li>Knorpelsch\u00e4den \/ freie Gelenkk\u00f6rper<\/li>\n\n\n\n<li>Bewegungseinschr\u00e4nkungen<\/li>\n<\/ul>\n<\/li>\n\n\n\n<li>Behandlungen\n<ul class=\"wp-block-list\">\n<li>Ellenbogenarthroskopie<\/li>\n\n\n\n<li>Offene Refixation von Sehnen<\/li>\n<\/ul>\n<\/li>\n<\/ul>\n<\/div>\n\n\n\n<div class=\"wp-block-column is-layout-flow wp-block-column-is-layout-flow\">\n<h3 class=\"wp-block-heading has-dark-gray-color has-text-color has-link-color wp-elements-82bcdcf9449b6d5651e6da9e18d1f8ee\"><a href=\"\/fachgebiete\/aesthetische-chirurgie\/\" data-type=\"page\" data-id=\"1734\">\u00c4sthetische Chirurgie<\/a><\/h3>\n\n\n\n<p><strong>Brustchirurgie<\/strong><\/p>\n\n\n\n<ul class=\"wp-block-list\">\n<li>Brustvergr\u00f6\u00dferung<\/li>\n\n\n\n<li>Bruststraffung<\/li>\n\n\n\n<li>Brustverkleinerung<\/li>\n\n\n\n<li>Brustangleichung<\/li>\n\n\n\n<li>Lipofilling<\/li>\n<\/ul>\n\n\n\n<p><strong>Gesichtschirurgie<\/strong><\/p>\n\n\n\n<ul class=\"wp-block-list\">\n<li>Facelift<\/li>\n\n\n\n<li>Oberlidstraffung\/-korrektur<\/li>\n\n\n\n<li>Unterlidstraffung\/-korrektur<\/li>\n\n\n\n<li>Lippenvergr\u00f6\u00dferung<\/li>\n\n\n\n<li>Kinnkorrektur<\/li>\n\n\n\n<li>Nasenkorrektur<\/li>\n<\/ul>\n\n\n\n<p><strong>K\u00f6rperchirurgie<\/strong><\/p>\n\n\n\n<ul class=\"wp-block-list\">\n<li>Fettabsaugung<\/li>\n\n\n\n<li>Bauchdeckenstraffung<\/li>\n\n\n\n<li>Oberarmstraffung<\/li>\n\n\n\n<li>Oberschenkelstraffung<\/li>\n\n\n\n<li>Straffung nach starkem Gewichtsverlust<\/li>\n\n\n\n<li>Lipofilling<\/li>\n\n\n\n<li>Intimchirurgie<\/li>\n<\/ul>\n\n\n\n<h3 class=\"wp-block-heading has-dark-gray-color has-text-color has-link-color wp-elements-4a29f21944487d88d9294708781f40a7\"><a href=\"\/fachgebiete\/orthopaedie-gelenkchirurgie\/\">Schulter<\/a><\/h3>\n\n\n\n<ul class=\"wp-block-list\">\n<li>Erkrankungen\n<ul class=\"wp-block-list\">\n<li>Schulterarthrose (Omarthrose)<\/li>\n\n\n\n<li>Rotatorenmanschettenl\u00e4sion<\/li>\n\n\n\n<li>Schulterinstabilit\u00e4ten<\/li>\n\n\n\n<li>Impingementsyndrom<\/li>\n\n\n\n<li>Kalk-Schulter<\/li>\n\n\n\n<li>AC-Gelenksarthrose<\/li>\n\n\n\n<li>Schulterfrakturen<\/li>\n\n\n\n<li>Bizepssehnenriss<\/li>\n\n\n\n<li>Schultersteife<\/li>\n\n\n\n<li>Schulterfrakturen<\/li>\n\n\n\n<li>Komplikationen nach Schulter-Prothesen<\/li>\n<\/ul>\n<\/li>\n<\/ul>\n\n\n\n<ul class=\"wp-block-list\">\n<li>Behandlungen\n<ul class=\"wp-block-list\">\n<li>Anatomie Schulterprothese<\/li>\n\n\n\n<li>Inverse Schulterprothese<\/li>\n\n\n\n<li>Schulterarthroskopie<\/li>\n\n\n\n<li>Arthroskopische Dekompression<\/li>\n\n\n\n<li>Arthroskopische Rotatorenmanschettenrekonstruktion<\/li>\n\n\n\n<li>Arthroskopische Stabilisierung (Bankart \/ Latarjet)<\/li>\n\n\n\n<li>Arthroskopische Arthrolyse<\/li>\n\n\n\n<li>Osteosynthesen von Frakturen<\/li>\n\n\n\n<li>Wechsel von Schulter-Prothesen<\/li>\n<\/ul>\n<\/li>\n<\/ul>\n<\/div>\n<\/div>\n\n\n\n<h3 class=\"wp-block-heading has-dark-gray-color has-text-color has-link-color wp-elements-6eae092e7af87e90963673acf3750e4f\"><a href=\"\/fachgebiete\/orthopaedie-gelenkchirurgie\/\">Fu\u00df- und Sprunggelenk<\/a><\/h3>\n\n\n\n<ul class=\"wp-block-list\">\n<li>Hallux valgus<\/li>\n\n\n\n<li>Spreizfu\u00df<\/li>\n\n\n\n<li>Hallux rigidus<\/li>\n\n\n\n<li>Hammerzehe<\/li>\n\n\n\n<li>Krallenzehe<\/li>\n\n\n\n<li>Morton-Neurom Schneiderballen<\/li>\n\n\n\n<li>Mittelfu\u00dfarthrose<\/li>\n\n\n\n<li>R\u00fcckfu\u00dfarthrose<\/li>\n\n\n\n<li>Arthrose unteres Sprunggelenk<\/li>\n\n\n\n<li>Arthrose oberes Sprunggelenke<\/li>\n\n\n\n<li>Pes planovalgus<\/li>\n\n\n\n<li>Knicksenkfu\u00df<\/li>\n\n\n\n<li>Pes cavovarus<\/li>\n\n\n\n<li>Ballenhohlfu\u00df<\/li>\n\n\n\n<li>Instabilit\u00e4t oberes Sprunggelenk Knorpell\u00e4sion oberes Sprunggelenk Sehnenruptur<\/li>\n\n\n\n<li>Haglundexostose<\/li>\n\n\n\n<li>Achillessehnenruptur Plantarfasciitis Fersensporn<\/li>\n\n\n\n<li>Fu\u00df- und Sprunggelenkchirurgie Behandlung von Fehlstellungen Komplexe Fu\u00dfoperationen<\/li>\n<\/ul>\n","protected":false},"excerpt":{"rendered":"<p>Behandlungsgebiete An\u00e4sthesie und Schmerztherapie Hals-Nasen-Ohren-Heilkunde Knie H\u00fcfte Ellenbogen \u00c4sthetische Chirurgie Brustchirurgie Gesichtschirurgie K\u00f6rperchirurgie Schulter Fu\u00df- und Sprunggelenk<\/p>\n","protected":false},"author":1,"featured_media":0,"parent":0,"menu_order":90,"comment_status":"closed","ping_status":"closed","template":"","meta":{"site-sidebar-layout":"default","site-content-layout":"","ast-site-content-layout":"default","site-content-style":"default","site-sidebar-style":"default","ast-global-header-display":"","ast-banner-title-visibility":"","ast-main-header-display":"","ast-hfb-above-header-display":"","ast-hfb-below-header-display":"","ast-hfb-mobile-header-display":"","site-post-title":"","ast-breadcrumbs-content":"","ast-featured-img":"","footer-sml-layout":"","theme-transparent-header-meta":"","adv-header-id-meta":"","stick-header-meta":"","header-above-stick-meta":"","header-main-stick-meta":"","header-below-stick-meta":"","astra-migrate-meta-layouts":"default","ast-page-background-enabled":"default","ast-page-background-meta":{"desktop":{"background-color":"var(--ast-global-color-5)","background-image":"","background-repeat":"repeat","background-position":"center center","background-size":"auto","background-attachment":"scroll","background-type":"","background-media":"","overlay-type":"","overlay-color":"","overlay-opacity":"","overlay-gradient":""},"tablet":{"background-color":"","background-image":"","background-repeat":"repeat","background-position":"center center","background-size":"auto","background-attachment":"scroll","background-type":"","background-media":"","overlay-type":"","overlay-color":"","overlay-opacity":"","overlay-gradient":""},"mobile":{"background-color":"","background-image":"","background-repeat":"repeat","background-position":"center center","background-size":"auto","background-attachment":"scroll","background-type":"","background-media":"","overlay-type":"","overlay-color":"","overlay-opacity":"","overlay-gradient":""}},"ast-content-background-meta":{"desktop":{"background-color":"var(--ast-global-color-4)","background-image":"","background-repeat":"repeat","background-position":"center center","background-size":"auto","background-attachment":"scroll","background-type":"","background-media":"","overlay-type":"","overlay-color":"","overlay-opacity":"","overlay-gradient":""},"tablet":{"background-color":"var(--ast-global-color-4)","background-image":"","background-repeat":"repeat","background-position":"center center","background-size":"auto","background-attachment":"scroll","background-type":"","background-media":"","overlay-type":"","overlay-color":"","overlay-opacity":"","overlay-gradient":""},"mobile":{"background-color":"var(--ast-global-color-4)","background-image":"","background-repeat":"repeat","background-position":"center center","background-size":"auto","background-attachment":"scroll","background-type":"","background-media":"","overlay-type":"","overlay-color":"","overlay-opacity":"","overlay-gradient":""}},"footnotes":""},"class_list":["post-58","page","type-page","status-publish","hentry"],"_links":{"self":[{"href":"https:\/\/ekh3.w3po.de\/ekh4\/wp-json\/wp\/v2\/pages\/58","targetHints":{"allow":["GET"]}}],"collection":[{"href":"https:\/\/ekh3.w3po.de\/ekh4\/wp-json\/wp\/v2\/pages"}],"about":[{"href":"https:\/\/ekh3.w3po.de\/ekh4\/wp-json\/wp\/v2\/types\/page"}],"author":[{"embeddable":true,"href":"https:\/\/ekh3.w3po.de\/ekh4\/wp-json\/wp\/v2\/users\/1"}],"replies":[{"embeddable":true,"href":"https:\/\/ekh3.w3po.de\/ekh4\/wp-json\/wp\/v2\/comments?post=58"}],"version-history":[{"count":11,"href":"https:\/\/ekh3.w3po.de\/ekh4\/wp-json\/wp\/v2\/pages\/58\/revisions"}],"predecessor-version":[{"id":3274,"href":"https:\/\/ekh3.w3po.de\/ekh4\/wp-json\/wp\/v2\/pages\/58\/revisions\/3274"}],"wp:attachment":[{"href":"https:\/\/ekh3.w3po.de\/ekh4\/wp-json\/wp\/v2\/media?parent=58"}],"curies":[{"name":"wp","href":"https:\/\/api.w.org\/{rel}","templated":true}]}}