{"id":60,"date":"2025-06-26T13:57:03","date_gmt":"2025-06-26T11:57:03","guid":{"rendered":"https:\/\/ekh.w3po.de\/?page_id=60"},"modified":"2025-09-09T11:05:05","modified_gmt":"2025-09-09T09:05:05","slug":"fachgebiete","status":"publish","type":"page","link":"https:\/\/ekh3.w3po.de\/ekh4\/fachgebiete\/","title":{"rendered":"Fachgebiete"},"content":{"rendered":"\n<h1 class=\"wp-block-heading has-large-font-size\">Fachgebiete<\/h1>\n\n\n\n<div class=\"wp-block-group is-layout-constrained wp-container-core-group-is-layout-d2ecfd0b wp-block-group-is-layout-constrained\" style=\"padding-top:0;padding-right:0;padding-bottom:var(--wp--preset--spacing--60);padding-left:0\">\n<div class=\"wp-block-columns is-layout-flex wp-container-core-columns-is-layout-e0e4babd wp-block-columns-is-layout-flex\" style=\"padding-right:0;padding-left:0\">\n<div class=\"wp-block-column is-layout-flow wp-block-column-is-layout-flow\" style=\"padding-right:var(--wp--preset--spacing--60);padding-left:0\">\n<h3 class=\"wp-block-heading\">Aesthetic-Management<\/h3>\n\n\n\n<p>Das Laserinstitut \u201eaesthetic management\u201c bietet Leistungen in der dermatologischen Laserbehandlung und in der \u00e4sthetisch-plastischen Chirurgie auf h\u00f6chstem medizinischen Niveau. Durch die konsequente Spezialisierung und die langj\u00e4hrige Erfahrung unserer hochqualifizierten Fach\u00e4rzte, durch permanente Qualit\u00e4tskontrollen sowie durch kontinuierliche Weiterbildung werden perfekte Behandlungsergebnisse erzielt.<\/p>\n<\/div>\n\n\n\n<div class=\"wp-block-column is-layout-flow wp-block-column-is-layout-flow\">\n<h3 class=\"wp-block-heading\">An\u00e4sthesie<\/h3>\n\n\n\n<p>Um einen optimalen Operationsablauf mit optimalen Ergebnissen zu gew\u00e4hrleisten, hat sich unser An\u00e4sthesieteam auf das Prinzip der sogenannten Fast-Track-An\u00e4sthesie konzentriert. Das hei\u00dft, dass die individuelle Narkose f\u00fcr Sie so schonend wie m\u00f6glich, mit geringstm\u00f6glichen Schmerzen sowie einer fr\u00fchestm\u00f6glichen Klinikentlassung erreicht wird.<\/p>\n<\/div>\n<\/div>\n<\/div>\n\n\n\n<div class=\"wp-block-group alignfull has-background is-layout-constrained wp-container-core-group-is-layout-0ac99041 wp-block-group-is-layout-constrained\" style=\"background-color:#f7f7f7;padding-top:var(--wp--preset--spacing--60);padding-right:var(--wp--preset--spacing--30);padding-bottom:var(--wp--preset--spacing--60);padding-left:var(--wp--preset--spacing--30)\">\n<div class=\"wp-block-columns is-layout-flex wp-container-core-columns-is-layout-e0e4babd wp-block-columns-is-layout-flex\" style=\"padding-right:0;padding-left:0\">\n<div class=\"wp-block-column is-layout-flow wp-block-column-is-layout-flow\" style=\"padding-right:var(--wp--preset--spacing--60);padding-left:0\">\n<h3 class=\"wp-block-heading\">HNO<\/h3>\n\n\n\n<p>Unsere erfahrenen und hochqualifizierten HNO-Fach\u00e4rzte bieten das komplette Spektrum an Diagnostik und Behandlungsmethoden im Hals-Nasen-Ohren-Bereich an. Dazu geh\u00f6ren unter anderem Diagnose und Therapie bei Allergien, Krankheiten der Nasennebenh\u00f6hlen, H\u00f6rst\u00f6rungen, Schwindel und Tinnitus.<\/p>\n<\/div>\n\n\n\n<div class=\"wp-block-column is-layout-flow wp-block-column-is-layout-flow\">\n<h3 class=\"wp-block-heading\">Neurochirurgie<\/h3>\n\n\n\n<p>Im Bereich Neurochirurgie werden Erkrankungen des Zentralnervensystems diagnostiziert und behandelt. Dazu geh\u00f6ren Erkrankungen des Gehirns, des Sch\u00e4dels, der Wirbels\u00e4ule, des R\u00fcckenmarks und der peripheren Nerven.<\/p>\n<\/div>\n<\/div>\n<\/div>\n\n\n\n<div class=\"wp-block-group is-layout-constrained wp-container-core-group-is-layout-c6787eed wp-block-group-is-layout-constrained\" style=\"padding-top:var(--wp--preset--spacing--60);padding-right:0;padding-bottom:var(--wp--preset--spacing--60);padding-left:0\">\n<div class=\"wp-block-columns is-layout-flex wp-container-core-columns-is-layout-e0e4babd wp-block-columns-is-layout-flex\" style=\"padding-right:0;padding-left:0\">\n<div class=\"wp-block-column is-layout-flow wp-block-column-is-layout-flow\" style=\"padding-right:var(--wp--preset--spacing--60);padding-left:0\">\n<h3 class=\"wp-block-heading\">Allgemeinmedizin \/ Innere Medizin<\/h3>\n\n\n\n<p>Die Diagnostik- und Behandlungsschwerpunkte liegen in den Bereichen Angiologie, Endokrinologie und Diabetologie, Gastroentorologie, H\u00e4matologie und Internistische Onkologie, Kardiologie, Nephrologie, Pneumologie und Rheumatologie.<\/p>\n<\/div>\n\n\n\n<div class=\"wp-block-column is-layout-flow wp-block-column-is-layout-flow\">\n<h3 class=\"wp-block-heading\">Chirurgie<\/h3>\n\n\n\n<p>Unser Chirurgie-Team besteht aus vier hochqualifizierten Fach\u00e4rzten, die seit vielen Jahren zusammenarbeiten. Zwei erfahrene Assistenz\u00e4rzte unterst\u00fctzen sie in allen Bereichen. Das Team ist spezialisiert auf die gelenkerhaltende, rekonstruktive Chirurgie und Prothetik an Schulter, H\u00fcfte und Knie. Ziel ist es, jedem Patienten die medizinisch beste L\u00f6sung f\u00fcr sein Problem anzubieten.<\/p>\n<\/div>\n<\/div>\n<\/div>\n\n\n\n<div class=\"wp-block-group alignfull has-background is-layout-constrained wp-container-core-group-is-layout-0ac99041 wp-block-group-is-layout-constrained\" style=\"background-color:#f7f7f7;padding-top:var(--wp--preset--spacing--60);padding-right:var(--wp--preset--spacing--30);padding-bottom:var(--wp--preset--spacing--60);padding-left:var(--wp--preset--spacing--30)\">\n<div class=\"wp-block-columns is-layout-flex wp-container-core-columns-is-layout-e0e4babd wp-block-columns-is-layout-flex\" style=\"padding-right:0;padding-left:0\">\n<div class=\"wp-block-column is-layout-flow wp-block-column-is-layout-flow\" style=\"padding-right:var(--wp--preset--spacing--60);padding-left:0\">\n<h3 class=\"wp-block-heading\">Handchirurgie<\/h3>\n\n\n\n<p>Wir behandeln und operieren unter anderem schnellende Finger, Dupuytrensche Kontraktur, Carpaltunnelsyndrom und chronische Schmerzen im Handgelenk.Wir behandeln und operieren unter anderem schnellende Finger, Dupuytrensche Kontraktur, Carpaltunnelsyndrom und chronische Schmerzen im Handgelenk.<\/p>\n<\/div>\n\n\n\n<div class=\"wp-block-column is-layout-flow wp-block-column-is-layout-flow\">\n<h3 class=\"wp-block-heading\">Laserzentrum<\/h3>\n\n\n\n<p>Mit Lasertechnik der neuesten Generation werden dauerhafte Haarentfernungen, Narben- und Feuermalbehandlungen, Warzen- und narbenfreie Tattooentfernungen durchgef\u00fchrt.<\/p>\n<\/div>\n<\/div>\n<\/div>\n\n\n\n<div class=\"wp-block-group is-layout-constrained wp-container-core-group-is-layout-c6787eed wp-block-group-is-layout-constrained\" style=\"padding-top:var(--wp--preset--spacing--60);padding-right:0;padding-bottom:var(--wp--preset--spacing--60);padding-left:0\">\n<div class=\"wp-block-columns is-layout-flex wp-container-core-columns-is-layout-e0e4babd wp-block-columns-is-layout-flex\" style=\"padding-right:0;padding-left:0\">\n<div class=\"wp-block-column is-layout-flow wp-block-column-is-layout-flow\" style=\"padding-right:var(--wp--preset--spacing--60);padding-left:0\">\n<h3 class=\"wp-block-heading\">Orthop\u00e4die \u00b7 Gelenkchirurgie<\/h3>\n\n\n\n<p>Unser hochqualifiziertes Orthop\u00e4den-Team diagnostiziert und behandelt alle Verletzungen und Erkrankungen des Bewegungs- und Skelettsystems.<\/p>\n<\/div>\n\n\n\n<div class=\"wp-block-column is-layout-flow wp-block-column-is-layout-flow\">\n<h3 class=\"wp-block-heading\">Plastisch-\u00c4sthetische Chirurgie<\/h3>\n\n\n\n<p>Unsere langj\u00e4hrig erfahrenen und fachlich spezialisierten Plastisch-\u00c4sthetischen Chirurgen f\u00fchren unter anderem Fettabsaugungen, Brustvergr\u00f6\u00dferungen und -verkleinerungen, Gesichtsstraffungen, Faltenbehandlungen sowie Nasen- und Kinnkorrekturen durch.<\/p>\n<\/div>\n<\/div>\n<\/div>\n\n\n\n<div class=\"wp-block-group alignfull has-background is-layout-constrained wp-container-core-group-is-layout-0ac99041 wp-block-group-is-layout-constrained\" style=\"background-color:#f7f7f7;padding-top:var(--wp--preset--spacing--60);padding-right:var(--wp--preset--spacing--30);padding-bottom:var(--wp--preset--spacing--60);padding-left:var(--wp--preset--spacing--30)\">\n<div class=\"wp-block-columns is-layout-flex wp-container-core-columns-is-layout-e0e4babd wp-block-columns-is-layout-flex\" style=\"padding-right:0;padding-left:0\">\n<div class=\"wp-block-column is-layout-flow wp-block-column-is-layout-flow\" style=\"padding-right:var(--wp--preset--spacing--60);padding-left:0\">\n<h3 class=\"wp-block-heading\">Schmerztherapie<\/h3>\n\n\n\n<p>Mit einem speziell auf das Schmerzproblem zugeschnittenes, individuelles Therapiekonzept behandeln wir grunds\u00e4tzlich alle Patienten, die unter Schmerzen leiden.<\/p>\n<\/div>\n\n\n\n<div class=\"wp-block-column is-layout-flow wp-block-column-is-layout-flow\">\n<h3 class=\"wp-block-heading\">Urologie<\/h3>\n\n\n\n<p>Wir bieten umfassende Beratung, Behandlung und Betreuung in allen Fragen urologischer Erkrankungen und Fragen. Dazu geh\u00f6ren zum Beispiel Blasenprobleme, ungewollter Harnverlust, st\u00e4ndiger Harndrang sowie Prostataerkrankungen- und beschwerden.<\/p>\n<\/div>\n<\/div>\n<\/div>\n\n\n\n<div class=\"wp-block-group is-layout-constrained wp-container-core-group-is-layout-c6787eed wp-block-group-is-layout-constrained\" style=\"padding-top:var(--wp--preset--spacing--60);padding-right:0;padding-bottom:var(--wp--preset--spacing--60);padding-left:0\">\n<div class=\"wp-block-columns is-layout-flex wp-container-core-columns-is-layout-e0e4babd wp-block-columns-is-layout-flex\" style=\"padding-right:0;padding-left:0\">\n<div class=\"wp-block-column is-layout-flow wp-block-column-is-layout-flow\" style=\"padding-right:var(--wp--preset--spacing--60);padding-left:0\">\n<h3 class=\"wp-block-heading\">Venenzentrum<\/h3>\n\n\n\n<p>Zu den Behandlungsschwerpunkten in unserem Venenzentrum geh\u00f6ren bei Krampfadern jeder Gr\u00f6\u00dfenordnung Astvarizen und kleinste Besenreiser. Ein weiterer Fokus richtet sich auf die Behandlung von arteriellen Durchblutungsst\u00f6rungen und Lymph\u00f6demerkrankungen.<\/p>\n<\/div>\n\n\n\n<div class=\"wp-block-column is-layout-flow wp-block-column-is-layout-flow\"><\/div>\n<\/div>\n<\/div>\n","protected":false},"excerpt":{"rendered":"<p>Fachgebiete Aesthetic-Management Das Laserinstitut \u201eaesthetic management\u201c bietet Leistungen in der dermatologischen Laserbehandlung und in der \u00e4sthetisch-plastischen Chirurgie auf h\u00f6chstem medizinischen [&hellip;]<\/p>\n","protected":false},"author":1,"featured_media":150,"parent":0,"menu_order":100,"comment_status":"closed","ping_status":"closed","template":"","meta":{"site-sidebar-layout":"default","site-content-layout":"","ast-site-content-layout":"default","site-content-style":"default","site-sidebar-style":"default","ast-global-header-display":"","ast-banner-title-visibility":"","ast-main-header-display":"","ast-hfb-above-header-display":"","ast-hfb-below-header-display":"","ast-hfb-mobile-header-display":"","site-post-title":"","ast-breadcrumbs-content":"","ast-featured-img":"","footer-sml-layout":"","theme-transparent-header-meta":"","adv-header-id-meta":"","stick-header-meta":"","header-above-stick-meta":"","header-main-stick-meta":"","header-below-stick-meta":"","astra-migrate-meta-layouts":"default","ast-page-background-enabled":"default","ast-page-background-meta":{"desktop":{"background-color":"var(--ast-global-color-5)","background-image":"","background-repeat":"repeat","background-position":"center center","background-size":"auto","background-attachment":"scroll","background-type":"","background-media":"","overlay-type":"","overlay-color":"","overlay-opacity":"","overlay-gradient":""},"tablet":{"background-color":"","background-image":"","background-repeat":"repeat","background-position":"center center","background-size":"auto","background-attachment":"scroll","background-type":"","background-media":"","overlay-type":"","overlay-color":"","overlay-opacity":"","overlay-gradient":""},"mobile":{"background-color":"","background-image":"","background-repeat":"repeat","background-position":"center center","background-size":"auto","background-attachment":"scroll","background-type":"","background-media":"","overlay-type":"","overlay-color":"","overlay-opacity":"","overlay-gradient":""}},"ast-content-background-meta":{"desktop":{"background-color":"var(--ast-global-color-4)","background-image":"","background-repeat":"repeat","background-position":"center center","background-size":"auto","background-attachment":"scroll","background-type":"","background-media":"","overlay-type":"","overlay-color":"","overlay-opacity":"","overlay-gradient":""},"tablet":{"background-color":"var(--ast-global-color-4)","background-image":"","background-repeat":"repeat","background-position":"center center","background-size":"auto","background-attachment":"scroll","background-type":"","background-media":"","overlay-type":"","overlay-color":"","overlay-opacity":"","overlay-gradient":""},"mobile":{"background-color":"var(--ast-global-color-4)","background-image":"","background-repeat":"repeat","background-position":"center center","background-size":"auto","background-attachment":"scroll","background-type":"","background-media":"","overlay-type":"","overlay-color":"","overlay-opacity":"","overlay-gradient":""}},"footnotes":""},"class_list":["post-60","page","type-page","status-publish","has-post-thumbnail","hentry"],"_links":{"self":[{"href":"https:\/\/ekh3.w3po.de\/ekh4\/wp-json\/wp\/v2\/pages\/60","targetHints":{"allow":["GET"]}}],"collection":[{"href":"https:\/\/ekh3.w3po.de\/ekh4\/wp-json\/wp\/v2\/pages"}],"about":[{"href":"https:\/\/ekh3.w3po.de\/ekh4\/wp-json\/wp\/v2\/types\/page"}],"author":[{"embeddable":true,"href":"https:\/\/ekh3.w3po.de\/ekh4\/wp-json\/wp\/v2\/users\/1"}],"replies":[{"embeddable":true,"href":"https:\/\/ekh3.w3po.de\/ekh4\/wp-json\/wp\/v2\/comments?post=60"}],"version-history":[{"count":21,"href":"https:\/\/ekh3.w3po.de\/ekh4\/wp-json\/wp\/v2\/pages\/60\/revisions"}],"predecessor-version":[{"id":3978,"href":"https:\/\/ekh3.w3po.de\/ekh4\/wp-json\/wp\/v2\/pages\/60\/revisions\/3978"}],"wp:featuredmedia":[{"embeddable":true,"href":"https:\/\/ekh3.w3po.de\/ekh4\/wp-json\/wp\/v2\/media\/150"}],"wp:attachment":[{"href":"https:\/\/ekh3.w3po.de\/ekh4\/wp-json\/wp\/v2\/media?parent=60"}],"curies":[{"name":"wp","href":"https:\/\/api.w.org\/{rel}","templated":true}]}}