{"id":64,"date":"2025-06-26T13:58:49","date_gmt":"2025-06-26T11:58:49","guid":{"rendered":"https:\/\/ekh.w3po.de\/?page_id=64"},"modified":"2025-10-06T13:39:48","modified_gmt":"2025-10-06T11:39:48","slug":"chirurgie","status":"publish","type":"page","link":"https:\/\/ekh3.w3po.de\/ekh4\/fachgebiete\/chirurgie\/","title":{"rendered":"Chirurgie"},"content":{"rendered":"\n<h1 class=\"wp-block-heading has-large-font-size\">Chirurgie<\/h1>\n\n\n\n<h3 class=\"wp-block-heading\">Allgemeinchirurige \/Viszeralchirurgie<\/h3>\n\n\n\n<div class=\"wp-block-group is-layout-constrained wp-container-core-group-is-layout-d2ecfd0b wp-block-group-is-layout-constrained\" style=\"padding-top:0;padding-right:0;padding-bottom:var(--wp--preset--spacing--60);padding-left:0\">\n<div class=\"wp-block-columns is-layout-flex wp-container-core-columns-is-layout-e0e4babd wp-block-columns-is-layout-flex\" style=\"padding-right:0;padding-left:0\">\n<div class=\"wp-block-column is-layout-flow wp-block-column-is-layout-flow\" style=\"padding-right:var(--wp--preset--spacing--60);padding-left:0;flex-basis:35%\">\n<figure class=\"wp-block-image size-full\"><img loading=\"lazy\" decoding=\"async\" width=\"460\" height=\"460\" src=\"https:\/\/ekh3.w3po.de\/ekh4\/wp-content\/uploads\/sites\/2\/2025\/07\/anatomy-7111055_1280.jpg\" alt=\"\" class=\"wp-image-444\" srcset=\"https:\/\/ekh3.w3po.de\/ekh4\/wp-content\/uploads\/sites\/2\/2025\/07\/anatomy-7111055_1280.jpg 460w, https:\/\/ekh3.w3po.de\/ekh4\/wp-content\/uploads\/sites\/2\/2025\/07\/anatomy-7111055_1280-300x300.jpg 300w, https:\/\/ekh3.w3po.de\/ekh4\/wp-content\/uploads\/sites\/2\/2025\/07\/anatomy-7111055_1280-150x150.jpg 150w\" sizes=\"auto, (max-width: 460px) 100vw, 460px\" \/><\/figure>\n<\/div>\n\n\n\n<div class=\"wp-block-column is-layout-flow wp-block-column-is-layout-flow\">\n<p>Einen gro\u00dfen Teil der t\u00e4glichen Operationen nehmen Bauchdeckenbr\u00fcche s.g. Hernien ein. Die h\u00e4ufigste Form, der Leistenbruch wird bei uns \u00fcberwiegend minimal-invasiv in extraperitonealer Technik (TEPP), situationsabh\u00e4ngig auch offen, per Schnitt nach Lichtenstein oder Shouldice operiert. Auch die meisten Oberbauch-, Nabel- und Narbenbr\u00fcche werden in minimal-invasiver Technik operiert. Gro\u00dfe Narbenbr\u00fcche ben\u00f6tigen gelegentlich eine aufwendige Rekonstruktion mit plastischer Verlagerung der Bauchmuskeln. (Komponenten-Separation nach Ramirez).<\/p>\n<\/div>\n<\/div>\n<\/div>\n\n\n\n<div class=\"wp-block-group alignfull has-background is-layout-constrained wp-container-core-group-is-layout-899e6947 wp-block-group-is-layout-constrained\" style=\"background-color:#f7f7f7;padding-top:var(--wp--preset--spacing--60);padding-right:0;padding-bottom:var(--wp--preset--spacing--60);padding-left:0\">\n<div class=\"wp-block-columns is-layout-flex wp-container-core-columns-is-layout-a5331a9e wp-block-columns-is-layout-flex\" style=\"padding-top:0;padding-right:0;padding-bottom:0;padding-left:0\">\n<div class=\"wp-block-column is-layout-flow wp-block-column-is-layout-flow\">\n<h3 class=\"wp-block-heading\">Unsere Schwerpunkte sind:<\/h3>\n\n\n\n<p>\u2013 Krampfaderchirurgie jeder Gr\u00f6\u00dfenordnung mit besten medizinischen und auch kosmetischen Ergebnissen<br>\u2013 Leistenbruch- und Nabelbruch-Chirurgie<br>\u2013 \u00c4sthetische Chirurgie<br>\u2013 Schilddr\u00fcsenchirurgie<br>\u2013 orthop\u00e4dische Chirurgie<br>\u2013 Neurochirurgie<\/p>\n<\/div>\n<\/div>\n<\/div>\n\n\n\n<div class=\"wp-block-group is-layout-constrained wp-container-core-group-is-layout-c6787eed wp-block-group-is-layout-constrained\" style=\"padding-top:var(--wp--preset--spacing--60);padding-right:0;padding-bottom:var(--wp--preset--spacing--60);padding-left:0\">\n<div class=\"wp-block-columns is-layout-flex wp-container-core-columns-is-layout-28f84493 wp-block-columns-is-layout-flex\">\n<div class=\"wp-block-column is-layout-flow wp-block-column-is-layout-flow\">\n<h3 class=\"wp-block-heading\">Viszeralchirurgie<\/h3>\n\n\n\n<p>Die Viszeralchirurgie (von lateinisch viscera= \u201eEingeweide\u201c) ist die Chirurgie des Bauchraumes und der Bauchwand, der endokrinen Dr\u00fcsen und der Weichteile einschlie\u00dflich Transplantation. Sie umfasst als Abdominalchirurgie(Bauchchirurgie) die operative Behandlung der Bauch\u2013Organe.<\/p>\n<\/div>\n<\/div>\n<\/div>\n\n\n\n<div class=\"wp-block-group is-layout-constrained wp-container-core-group-is-layout-c6787eed wp-block-group-is-layout-constrained\" style=\"padding-top:var(--wp--preset--spacing--60);padding-right:0;padding-bottom:var(--wp--preset--spacing--60);padding-left:0\">\n<h2 class=\"wp-block-heading\">Ihre Ansprechpartner <\/h2>\n\n\n<div class=\"at_wrapper_div\"><div class=\"beitrag_grid_wrapper theme_style_2\"><div class=\"beitrag_grid-post-wrapper\"><a href=\"https:\/\/ekh3.w3po.de\/ekh4\/jens-d-agneskirchner\/\" class=\"beitrag_link\"><div class=\"beitrag_grid-thumbnail\" style=\"background-image: url(https:\/\/ekh3.w3po.de\/ekh4\/wp-content\/uploads\/sites\/2\/2024\/11\/jens_agneskirchner1_new.jpg); height: 345px;\"><\/div><div class=\"beitrag_grid-text\" style=\"height: 345px;\"><div class=\"syle-title\"><\/div><h3>Privatdozent Dr. med.<br>Jens D. Agneskirchner<\/h3>Facharzt f\u00fcr Orthop\u00e4die und Unfallchirurgie, Schulter- und Ellenbogen-Spezialist \n\n<br><br>\n\nTelefon: 0511-7005250<br>\nEmail: info@g-o-hannover.de<br>\n<br>\n<div class=\"zertifikat-shortcode\">\n<div class=\"zertifikate-top-medizin\" style=\"background-image: url('\/wp-content\/uploads\/sites\/2\/2025\/07\/5.png')\">\n<\/div>\n<div class=\"zertifikate-top-medizin\" style=\"background-image: url('\/wp-content\/uploads\/sites\/2\/2025\/08\/top24.png')\">\n<\/div>\n\n<div class=\"zertifikate-top-medizin\" style=\"background-image: url('\/wp-content\/uploads\/sites\/2\/2025\/07\/8.png')\">\n<\/div>\n<div class=\"zertifikate-top-medizin\" style=\"background-image: url('\/wp-content\/uploads\/sites\/2\/2025\/07\/2.png')\">\n<\/div>\n<\/div><\/a><\/div><\/a><\/div><div class=\"beitrag_grid-post-wrapper\"><a href=\"https:\/\/ekh3.w3po.de\/ekh4\/dirk-barnstorf\/\" class=\"beitrag_link\"><div class=\"beitrag_grid-thumbnail\" style=\"background-image: url(https:\/\/ekh3.w3po.de\/ekh4\/wp-content\/uploads\/sites\/2\/2024\/11\/dirk_new.jpg); height: 345px;\"><\/div><div class=\"beitrag_grid-text\" style=\"height: 345px;\"><div class=\"syle-title\"><\/div><h3>Dr. med.<br>Dirk Barnstorf<\/h3>Facharzt f\u00fcr Chirurgie und Gef\u00e4\u00dfchirurgie, Endovaskularchirurg , \u00c4rztlicher Leiter des MVZ\n\n<br><br><br>\n\nTelefon: 511 99044-21<br>\nEmail: info@mvzha.de<br>\n<br>\n<\/a><\/div><\/a><\/div><div class=\"beitrag_grid-post-wrapper\"><a href=\"https:\/\/ekh3.w3po.de\/ekh4\/barbara-bock\/\" class=\"beitrag_link\"><div class=\"beitrag_grid-thumbnail\" style=\"background-image: url(https:\/\/ekh3.w3po.de\/ekh4\/wp-content\/uploads\/sites\/2\/2024\/12\/barbara_new.jpg); height: 345px;\"><\/div><div class=\"beitrag_grid-text\" style=\"height: 345px;\"><div class=\"syle-title\"><\/div><h3>Barbara Bock<\/h3>Fach\u00e4rztin f\u00fcr Chirurgie und Gef\u00e4\u00dfchirurgie, spezialisiert auf FA f\u00fcr Chirurgie und Gef\u00e4\u00dfchirurgie im MVZ am Emmichplatz\nSprechstunde in der Eichstr. 2 (nicht in der Eilenriede Klinik!) <br>\n<br>\n Telefon: 0511 990 4421<br>\nEmail: info@mvzha.de<\/a><\/div><\/a><\/div><div class=\"beitrag_grid-post-wrapper\"><a href=\"https:\/\/ekh3.w3po.de\/ekh4\/prof-dr-med-thilo-floerkemeier\/\" class=\"beitrag_link\"><div class=\"beitrag_grid-thumbnail\" style=\"background-image: url(https:\/\/ekh3.w3po.de\/ekh4\/wp-content\/uploads\/sites\/2\/2024\/12\/thilo_floerkemeier1_new3.jpg); height: 345px;\"><\/div><div class=\"beitrag_grid-text\" style=\"height: 345px;\"><div class=\"syle-title\"><\/div><h3>Prof. Dr. med.<br>Thilo Fl\u00f6rkemeier<\/h3>Facharzt f\u00fcr Orthop\u00e4die und Unfallchirurgie, Spezielle Orthop\u00e4dische Chirurgie, Sportmedizin\n<br>\n Telefon: 0511 7005250<br>\nEmail: info@<span>g-o-hannover.de<\/span>\n<br>\n<br>\n\n<div class=\"zertifikat-shortcode\">\n<div class=\"zertifikate-top-medizin\" style=\"background-image: url('\/wp-content\/uploads\/sites\/2\/2025\/07\/5.png')\">\n<\/div>\n<div class=\"zertifikate-top-medizin\" style=\"background-image: url('\/wp-content\/uploads\/sites\/2\/2025\/08\/top24.png')\">\n<\/div>\n\n<div class=\"zertifikate-top-medizin\" style=\"background-image: url('\/wp-content\/uploads\/sites\/2\/2025\/07\/7.png')\">\n<\/div>\n<div class=\"zertifikate-top-medizin\" style=\"background-image: url('')\">\n<\/div>\n<\/div><\/a><\/div><\/a><\/div><div class=\"beitrag_grid-post-wrapper\"><a href=\"https:\/\/ekh3.w3po.de\/ekh4\/stephanie-floerkemeier\/\" class=\"beitrag_link\"><div class=\"beitrag_grid-thumbnail\" style=\"background-image: url(https:\/\/ekh3.w3po.de\/ekh4\/wp-content\/uploads\/sites\/2\/2024\/12\/floerkemeier16_new.jpg); height: 345px;\"><\/div><div class=\"beitrag_grid-text\" style=\"height: 345px;\"><div class=\"syle-title\"><\/div><h3>Dr. med.<br>Stephanie Fl\u00f6rkemeier<\/h3>Fach\u00e4rztin f\u00fcr Orthop\u00e4die und Unfallchirurgie\n\n<br><br><br>\n\nTelefon: 0511-7005250<br>\nEmail: info@g-o-hannover.de<br>\n<br>\n<\/a><\/div><\/a><\/div><div class=\"beitrag_grid-post-wrapper\"><a href=\"https:\/\/ekh3.w3po.de\/ekh4\/olaf-young-fleischer\/\" class=\"beitrag_link\"><div class=\"beitrag_grid-thumbnail\" style=\"background-image: url(https:\/\/ekh3.w3po.de\/ekh4\/wp-content\/uploads\/sites\/2\/2024\/12\/olaf_new.jpg); height: 345px;\"><\/div><div class=\"beitrag_grid-text\" style=\"height: 345px;\"><div class=\"syle-title\"><\/div><h3>Dr. med.<br>Olaf Young Fleischer<\/h3>Facharzt f\u00fcr Plastisch-\u00c4sthetische Chirurgie\n\n<br>\n\nTelefon: 0511-326036<br>\nEmail: info@youngaesthetic-hannover.de<br>\n<br>\n<br>\n\n<div class=\"zertifikat-shortcode\">\n<div class=\"zertifikate-gesundheit-top-mediziner\" style=\"background-image: url('\/wp-content\/uploads\/sites\/2\/2025\/07\/siegel-MED1.png')\">\n<\/div>\n<\/div>\n<\/a><\/div><\/a><\/div><div class=\"beitrag_grid-post-wrapper\"><a href=\"https:\/\/ekh3.w3po.de\/ekh4\/werner-koithan\/\" class=\"beitrag_link\"><div class=\"beitrag_grid-thumbnail\" style=\"background-image: url(https:\/\/ekh3.w3po.de\/ekh4\/wp-content\/uploads\/sites\/2\/2024\/12\/Dr.-med.-Werner-Koithan1_new.jpg); height: 345px;\"><\/div><div class=\"beitrag_grid-text\" style=\"height: 345px;\"><div class=\"syle-title\"><\/div><h3>Dr. med.<br>Werner Koithan<\/h3>Facharzt f\u00fcr Chirurgie, Orthop\u00e4die und Unfallchirurgie\n\n<br><br><br>\n\nTelefon: 0511 \u2013 8998800\n<br>\nEmail : info@rueckenprofis.de<br>\n<br>\n<\/a><\/div><\/a><\/div><div class=\"beitrag_grid-post-wrapper\"><a href=\"https:\/\/ekh3.w3po.de\/ekh4\/wego-kregehr\/\" class=\"beitrag_link\"><div class=\"beitrag_grid-thumbnail\" style=\"background-image: url(https:\/\/ekh3.w3po.de\/ekh4\/wp-content\/uploads\/sites\/2\/2024\/12\/kregehr1_new.jpg); height: 345px;\"><\/div><div class=\"beitrag_grid-text\" style=\"height: 345px;\"><div class=\"syle-title\"><\/div><h3>Dr. med.<br>Wego Kregehr<\/h3>Facharzt f\u00fcr Orthop\u00e4die und Unfallchirurgie mit spezialisierung auf Kniechirurgie und Sportmedizin\n\n<br><br><br>\n\nTelefon: 0511-4500761\n<br>\nEmail : info@gelenkzentrum-hannover.de<br>\n<br>\n<\/a><\/div><\/a><\/div><div class=\"beitrag_grid-post-wrapper\"><a href=\"https:\/\/ekh3.w3po.de\/ekh4\/prof-dr-med-philipp-lobenhoffer\/\" class=\"beitrag_link\"><div class=\"beitrag_grid-thumbnail\" style=\"background-image: url(https:\/\/ekh3.w3po.de\/ekh4\/wp-content\/uploads\/sites\/2\/2024\/12\/philipp_lobenhoffer3.jpg); height: 345px;\"><\/div><div class=\"beitrag_grid-text\" style=\"height: 345px;\"><div class=\"syle-title\"><\/div><h3>Prof. Dr. med.<br>Philipp Lobenhoffer<\/h3>Facharzt f\u00fcr Chirurgie, \nSpezielle Unfallchirurgie,\nFacharzt f\u00fcr Orthop\u00e4die und Unfallchirurgie, Knie-Spezialist.<br>\nTelefon:  0511-70052511<br>\nEmail: info@g-o-hannover.de<br>\n<br>\n<div class=\"zertifikat-shortcode\">\n<div class=\"zertifikate-top-medizin\" style=\"background-image: url('\/wp-content\/uploads\/sites\/2\/2025\/07\/5.png')\">\n<\/div>\n<div class=\"zertifikate-top-medizin\" style=\"background-image: url('\/wp-content\/uploads\/sites\/2\/2025\/08\/top24.png')\">\n<\/div>\n\n<div class=\"zertifikate-top-medizin\" style=\"background-image: url('\/wp-content\/uploads\/sites\/2\/2025\/07\/8.png')\">\n<\/div>\n<div class=\"zertifikate-top-medizin\" style=\"background-image: url('\/wp-content\/uploads\/sites\/2\/2025\/08\/knee.png')\">\n<\/div>\n<\/div><\/a><\/div><\/a><\/div><div class=\"beitrag_grid-post-wrapper\"><a href=\"https:\/\/ekh3.w3po.de\/ekh4\/gabriele-pohl\/\" class=\"beitrag_link\"><div class=\"beitrag_grid-thumbnail\" style=\"background-image: url(https:\/\/ekh3.w3po.de\/ekh4\/wp-content\/uploads\/sites\/2\/2024\/12\/Dr._Gabriele_Pohl1_new.jpg); height: 345px;\"><\/div><div class=\"beitrag_grid-text\" style=\"height: 345px;\"><div class=\"syle-title\"><\/div><h3>Dr. med.<br>Gabriele Pohl<\/h3>Fach\u00e4rztin f\u00fcr Plastische und \u00c4sthetische Chirurgie\n\n<br><br>\n\nTelefon: 0511-8976760\n<br>\nEmail : info@dr-med-gabriele-pohl.de<br>\n<br>\n<\/a><\/div><\/a><\/div><div class=\"beitrag_grid-post-wrapper\"><a href=\"https:\/\/ekh3.w3po.de\/ekh4\/habil-seyed-arash-alawi-febopras\/\" class=\"beitrag_link\"><div class=\"beitrag_grid-thumbnail\" style=\"background-image: url(https:\/\/ekh3.w3po.de\/ekh4\/wp-content\/uploads\/sites\/2\/2024\/12\/Seyed1_new.jpg); height: 345px;\"><\/div><div class=\"beitrag_grid-text\" style=\"height: 345px;\"><div class=\"syle-title\"><\/div><h3>Privatdozent. Dr. med. HABIL. SEYED ARASH ALAWI,\u00a0FEBOPRAS<\/h3>Facharzt f\u00fcr Plastische und \u00c4sthetische Chirurgie, mit Zusatzbezeichnungen f\u00fcr Handchirurgie, Notfallmedizin\n\n<br><br>\n\nTelefon: 175 12 666 94<br>\nEmail: info@theplasticsurgeon.de<br>\n<br>\n<\/a><\/div><\/a><\/div><div class=\"beitrag_grid-post-wrapper\"><a href=\"https:\/\/ekh3.w3po.de\/ekh4\/apostolos-siafliakis-m-d\/\" class=\"beitrag_link\"><div class=\"beitrag_grid-thumbnail\" style=\"background-image: url(https:\/\/ekh3.w3po.de\/ekh4\/wp-content\/uploads\/sites\/2\/2024\/12\/APOSTOLOS-SIAFLIAKIS1_new1.jpg); height: 345px;\"><\/div><div class=\"beitrag_grid-text\" style=\"height: 345px;\"><div class=\"syle-title\"><\/div><h3>Apostolos Siafliakis M.D.<\/h3>Facharzt f\u00fcr Plastische und \u00c4sthetische Chirurgie<br>\n<br>\nTelefon: +49 (0) 511 326 036<br>\nEmail: info@youngaesthetic-hannover.de<\/a><\/div><\/a><\/div><div class=\"beitrag_grid-post-wrapper\"><a href=\"https:\/\/ekh3.w3po.de\/ekh4\/dr-med-markus-troeger\/\" class=\"beitrag_link\"><div class=\"beitrag_grid-thumbnail\" style=\"background-image: url(https:\/\/ekh3.w3po.de\/ekh4\/wp-content\/uploads\/sites\/2\/2024\/12\/markus_troeger1_new.jpg); height: 345px;\"><\/div><div class=\"beitrag_grid-text\" style=\"height: 345px;\"><div class=\"syle-title\"><\/div><h3>Dr. med.<br>Markus Tr\u00f6ger<\/h3>Facharzt f\u00fcr Orthop\u00e4die und Unfallchirurgie, Kniegelenk-Spezialist\n\n<br><br>\n\nTelefon: 0511-7005250<br>\nEmail: info@g-o-hannover.de<br>\n<br>\n<div class=\"zertifikat-shortcode\">\n<div class=\"zertifikate-top-medizin\" style=\"background-image: url('\/wp-content\/uploads\/sites\/2\/2025\/07\/5.png')\">\n<\/div>\n<div class=\"zertifikate-top-medizin\" style=\"background-image: url('\/wp-content\/uploads\/sites\/2\/2025\/08\/top24.png')\">\n<\/div>\n\n<div class=\"zertifikate-top-medizin\" style=\"background-image: url('\/wp-content\/uploads\/sites\/2\/2025\/07\/8.png')\">\n<\/div>\n<div class=\"zertifikate-top-medizin\" style=\"background-image: url('\/wp-content\/uploads\/sites\/2\/2025\/08\/knee.png')\">\n<\/div>\n<\/div><\/a><\/div><\/a><\/div><div class=\"beitrag_grid-post-wrapper\"><a href=\"https:\/\/ekh3.w3po.de\/ekh4\/hazibullah-waizy\/\" class=\"beitrag_link\"><div class=\"beitrag_grid-thumbnail\" style=\"background-image: url(https:\/\/ekh3.w3po.de\/ekh4\/wp-content\/uploads\/sites\/2\/2025\/06\/waizy1_new.jpg); height: 345px;\"><\/div><div class=\"beitrag_grid-text\" style=\"height: 345px;\"><div class=\"syle-title\"><\/div><h3>Prof. Dr. med.<br>Hazibullah Waizy<\/h3>FA f\u00fcr Orthop\u00e4die und Unfallchirurgie\nspezialisiert auf Fu\u00df- und Sprunggelenk\n\n<br>\n\nTelefon: 0511-8998800\n<br>\nEmail : info@rueckenprofis.de<br>\n<br>\n<br>\n<div class=\"zertifikat-shortcode\">\n<div class=\"zertifikate-top-medizin\" style=\"background-image: url('\/wp-content\/uploads\/sites\/2\/2025\/07\/1.png')\">\n<\/div>\n<div class=\"zertifikate-top-medizin\" style=\"background-image: url('\/wp-content\/uploads\/sites\/2\/2025\/07\/4.png')\">\n<\/div>\n<div class=\"zertifikate-top-medizin\" style=\"background-image: url('')\">\n<\/div>\n<div class=\"zertifikate-top-medizin\" style=\"background-image: url('')\">\n<\/div>\n<\/div>\n<\/a><\/div><\/a><\/div><div class=\"beitrag_grid-post-wrapper\"><a href=\"https:\/\/ekh3.w3po.de\/ekh4\/ramon-wakili\/\" class=\"beitrag_link\"><div class=\"beitrag_grid-thumbnail\" style=\"background-image: url(https:\/\/ekh3.w3po.de\/ekh4\/wp-content\/uploads\/sites\/2\/2025\/06\/waki1_new.jpg); height: 345px;\"><\/div><div class=\"beitrag_grid-text\" style=\"height: 345px;\"><div class=\"syle-title\"><\/div><h3>Dr. med.<br>Ramon Wakili<\/h3>Facharzt f\u00fcr Plastische und \u00c4sthetische Chirurgie\n\n<br><br><br>\n\nTelefon: 0511-721414\n<br>\nEmail : info@rueckenprofis.de<br>\n<br>\n<\/a><\/div><\/a><\/div><div class=\"beitrag_grid-post-wrapper\"><a href=\"https:\/\/ekh3.w3po.de\/ekh4\/mathias-wellmann\/\" class=\"beitrag_link\"><div class=\"beitrag_grid-thumbnail\" style=\"background-image: url(https:\/\/ekh3.w3po.de\/ekh4\/wp-content\/uploads\/sites\/2\/2025\/09\/haar_2.webp); height: 345px;\"><\/div><div class=\"beitrag_grid-text\" style=\"height: 345px;\"><div class=\"syle-title\"><\/div><h3>Prof. Dr. med.<br>Mathias Wellmann<\/h3>Facharzt f\u00fcr Orthop\u00e4die und Unfallchirurgie,\nspezielle Orthop\u00e4dische Chirurgie<br>\n<br>\nTelefon: 0511-8998800\n<br>\nEmail : info@<span>rueckenprofis.de<\/span><br>\n<br>\n<div class=\"zertifikat-shortcode\">\n<div class=\"zertifikate\" style=\"background-image: url('\/wp-content\/uploads\/sites\/2\/2025\/06\/FocusAnae12-158x300-1.png')\">\n<\/div>\n<div class=\"zertifikate-empfehlungen\" style=\"background-image: url('\/wp-content\/uploads\/sites\/2\/2025\/07\/image.png')\">\n<\/div>\n<\/div><\/a><\/div><\/a><\/div><\/div><\/div>\n<\/div>\n","protected":false},"excerpt":{"rendered":"<p>Chirurgie Allgemeinchirurige \/Viszeralchirurgie Einen gro\u00dfen Teil der t\u00e4glichen Operationen nehmen Bauchdeckenbr\u00fcche s.g. Hernien ein. Die h\u00e4ufigste Form, der Leistenbruch wird [&hellip;]<\/p>\n","protected":false},"author":1,"featured_media":160,"parent":60,"menu_order":120,"comment_status":"closed","ping_status":"closed","template":"","meta":{"site-sidebar-layout":"default","site-content-layout":"","ast-site-content-layout":"default","site-content-style":"default","site-sidebar-style":"default","ast-global-header-display":"","ast-banner-title-visibility":"","ast-main-header-display":"","ast-hfb-above-header-display":"","ast-hfb-below-header-display":"","ast-hfb-mobile-header-display":"","site-post-title":"","ast-breadcrumbs-content":"","ast-featured-img":"","footer-sml-layout":"","theme-transparent-header-meta":"","adv-header-id-meta":"","stick-header-meta":"","header-above-stick-meta":"","header-main-stick-meta":"","header-below-stick-meta":"","astra-migrate-meta-layouts":"default","ast-page-background-enabled":"default","ast-page-background-meta":{"desktop":{"background-color":"var(--ast-global-color-5)","background-image":"","background-repeat":"repeat","background-position":"center center","background-size":"auto","background-attachment":"scroll","background-type":"","background-media":"","overlay-type":"","overlay-color":"","overlay-opacity":"","overlay-gradient":""},"tablet":{"background-color":"","background-image":"","background-repeat":"repeat","background-position":"center center","background-size":"auto","background-attachment":"scroll","background-type":"","background-media":"","overlay-type":"","overlay-color":"","overlay-opacity":"","overlay-gradient":""},"mobile":{"background-color":"","background-image":"","background-repeat":"repeat","background-position":"center center","background-size":"auto","background-attachment":"scroll","background-type":"","background-media":"","overlay-type":"","overlay-color":"","overlay-opacity":"","overlay-gradient":""}},"ast-content-background-meta":{"desktop":{"background-color":"var(--ast-global-color-4)","background-image":"","background-repeat":"repeat","background-position":"center center","background-size":"auto","background-attachment":"scroll","background-type":"","background-media":"","overlay-type":"","overlay-color":"","overlay-opacity":"","overlay-gradient":""},"tablet":{"background-color":"var(--ast-global-color-4)","background-image":"","background-repeat":"repeat","background-position":"center center","background-size":"auto","background-attachment":"scroll","background-type":"","background-media":"","overlay-type":"","overlay-color":"","overlay-opacity":"","overlay-gradient":""},"mobile":{"background-color":"var(--ast-global-color-4)","background-image":"","background-repeat":"repeat","background-position":"center center","background-size":"auto","background-attachment":"scroll","background-type":"","background-media":"","overlay-type":"","overlay-color":"","overlay-opacity":"","overlay-gradient":""}},"footnotes":""},"class_list":["post-64","page","type-page","status-publish","has-post-thumbnail","hentry"],"_links":{"self":[{"href":"https:\/\/ekh3.w3po.de\/ekh4\/wp-json\/wp\/v2\/pages\/64","targetHints":{"allow":["GET"]}}],"collection":[{"href":"https:\/\/ekh3.w3po.de\/ekh4\/wp-json\/wp\/v2\/pages"}],"about":[{"href":"https:\/\/ekh3.w3po.de\/ekh4\/wp-json\/wp\/v2\/types\/page"}],"author":[{"embeddable":true,"href":"https:\/\/ekh3.w3po.de\/ekh4\/wp-json\/wp\/v2\/users\/1"}],"replies":[{"embeddable":true,"href":"https:\/\/ekh3.w3po.de\/ekh4\/wp-json\/wp\/v2\/comments?post=64"}],"version-history":[{"count":15,"href":"https:\/\/ekh3.w3po.de\/ekh4\/wp-json\/wp\/v2\/pages\/64\/revisions"}],"predecessor-version":[{"id":4325,"href":"https:\/\/ekh3.w3po.de\/ekh4\/wp-json\/wp\/v2\/pages\/64\/revisions\/4325"}],"up":[{"embeddable":true,"href":"https:\/\/ekh3.w3po.de\/ekh4\/wp-json\/wp\/v2\/pages\/60"}],"wp:featuredmedia":[{"embeddable":true,"href":"https:\/\/ekh3.w3po.de\/ekh4\/wp-json\/wp\/v2\/media\/160"}],"wp:attachment":[{"href":"https:\/\/ekh3.w3po.de\/ekh4\/wp-json\/wp\/v2\/media?parent=64"}],"curies":[{"name":"wp","href":"https:\/\/api.w.org\/{rel}","templated":true}]}}