{"id":66,"date":"2025-06-26T13:59:13","date_gmt":"2025-06-26T11:59:13","guid":{"rendered":"https:\/\/ekh.w3po.de\/?page_id=66"},"modified":"2025-10-06T13:40:41","modified_gmt":"2025-10-06T11:40:41","slug":"hno","status":"publish","type":"page","link":"https:\/\/ekh3.w3po.de\/ekh4\/fachgebiete\/hno\/","title":{"rendered":"HNO"},"content":{"rendered":"\n<h1 class=\"wp-block-heading has-large-font-size\">HNO<\/h1>\n\n\n\n<h3 class=\"wp-block-heading\">Beste Diagnose und Therapie<\/h3>\n\n\n\n<div class=\"wp-block-group is-layout-constrained wp-container-core-group-is-layout-d2ecfd0b wp-block-group-is-layout-constrained\" style=\"padding-top:0;padding-right:0;padding-bottom:var(--wp--preset--spacing--60);padding-left:0\">\n<div class=\"wp-block-columns is-layout-flex wp-container-core-columns-is-layout-e0e4babd wp-block-columns-is-layout-flex\" style=\"padding-right:0;padding-left:0\">\n<div class=\"wp-block-column is-layout-flow wp-block-column-is-layout-flow\" style=\"padding-right:var(--wp--preset--spacing--60);padding-left:0;flex-basis:35%\">\n<figure class=\"wp-block-image size-full\"><img loading=\"lazy\" decoding=\"async\" width=\"460\" height=\"460\" src=\"https:\/\/ekh3.w3po.de\/ekh4\/wp-content\/uploads\/sites\/2\/2025\/07\/hno.jpg\" alt=\"\" class=\"wp-image-449\" srcset=\"https:\/\/ekh3.w3po.de\/ekh4\/wp-content\/uploads\/sites\/2\/2025\/07\/hno.jpg 460w, https:\/\/ekh3.w3po.de\/ekh4\/wp-content\/uploads\/sites\/2\/2025\/07\/hno-300x300.jpg 300w, https:\/\/ekh3.w3po.de\/ekh4\/wp-content\/uploads\/sites\/2\/2025\/07\/hno-150x150.jpg 150w\" sizes=\"auto, (max-width: 460px) 100vw, 460px\" \/><\/figure>\n<\/div>\n\n\n\n<div class=\"wp-block-column is-layout-flow wp-block-column-is-layout-flow\">\n<p>Unsere erfahrenen und hochqualifizierten HNO-Fach\u00e4rzte bieten das komplette Spektrum an Diagnostik und Behandlungsmethoden im Hals-Nasen-Ohren-Bereich an. Dazu geh\u00f6ren unter anderem Diagnose und Therapie bei Allergien, Krankheiten der Nasennebenh\u00f6hlen, H\u00f6rst\u00f6rungen, Schwindel und Tinnitus.<\/p>\n<\/div>\n<\/div>\n<\/div>\n\n\n\n<div class=\"wp-block-group alignfull has-background is-layout-constrained wp-container-core-group-is-layout-899e6947 wp-block-group-is-layout-constrained\" style=\"background-color:#f7f7f7;padding-top:var(--wp--preset--spacing--60);padding-right:0;padding-bottom:var(--wp--preset--spacing--60);padding-left:0\">\n<div class=\"wp-block-columns is-layout-flex wp-container-core-columns-is-layout-a5331a9e wp-block-columns-is-layout-flex\" style=\"padding-top:0;padding-right:0;padding-bottom:0;padding-left:0\">\n<div class=\"wp-block-column is-layout-flow wp-block-column-is-layout-flow\">\n<h3 class=\"wp-block-heading\">T\u00e4tigkeitsschwerpunkte<\/h3>\n\n\n\n<ul class=\"wp-block-list\">\n<li>Rhinologie und Rhinochirurgie <\/li>\n\n\n\n<li>funktionell und plastisch-\u00e4sthetisch <\/li>\n\n\n\n<li>Chirurgie der Nasennebenh\u00f6hlen <\/li>\n\n\n\n<li>plastische Ohrmuschelchirurgie <\/li>\n\n\n\n<li>Weichteilchirurgie im Gesichts- und Halsbereich <\/li>\n\n\n\n<li>Allergiediagnostik und Therapie <\/li>\n\n\n\n<li>Stimmlippenchirurgie<\/li>\n<\/ul>\n<\/div>\n\n\n\n<div class=\"wp-block-column is-layout-flow wp-block-column-is-layout-flow\">\n<div style=\"height:34px\" aria-hidden=\"true\" class=\"wp-block-spacer\"><\/div>\n\n\n\n<ul class=\"wp-block-list\">\n<li>Tinnitustherapie<\/li>\n\n\n\n<li>alternative Heilverfahren<\/li>\n\n\n\n<li>\u00e4sthetische Medizin<\/li>\n\n\n\n<li>Zweitmeinungsverfahren und Begutachtung<\/li>\n\n\n\n<li>Lasertherapie<\/li>\n\n\n\n<li>Anti-Schnarchverfahren und Schlafmedizin<\/li>\n<\/ul>\n<\/div>\n<\/div>\n<\/div>\n\n\n\n<div class=\"wp-block-group is-layout-constrained wp-container-core-group-is-layout-c6787eed wp-block-group-is-layout-constrained\" style=\"padding-top:var(--wp--preset--spacing--60);padding-right:0;padding-bottom:var(--wp--preset--spacing--60);padding-left:0\">\n<h2 class=\"wp-block-heading\">Ihre Ansprechpartner <\/h2>\n\n\n<div class=\"at_wrapper_div\"><div class=\"beitrag_grid_wrapper theme_style_2\"><div class=\"beitrag_grid-post-wrapper\"><a href=\"https:\/\/ekh3.w3po.de\/ekh4\/hans-joachim-graf\/\" class=\"beitrag_link\"><div class=\"beitrag_grid-thumbnail\" style=\"background-image: url(https:\/\/ekh3.w3po.de\/ekh4\/wp-content\/uploads\/sites\/2\/2024\/12\/Dr.-Graf1_new.jpg); height: 345px;\"><\/div><div class=\"beitrag_grid-text\" style=\"height: 345px;\"><div class=\"syle-title\"><\/div><h3>Dr. med.<br>Hans-Joachim Graf<\/h3>Facharzt f\u00fcr HNO-Heilkunde, Plastische Operationen, Umweltmedizin\n\n\n<br><br>\n\nTelefon: 0511-2703555\n<br>\nEmail: hno.graf@htp-tel.de<br>\n<br>\n<\/a><\/div><\/a><\/div><div class=\"beitrag_grid-post-wrapper\"><a href=\"https:\/\/ekh3.w3po.de\/ekh4\/christoph-lamm\/\" class=\"beitrag_link\"><div class=\"beitrag_grid-thumbnail\" style=\"background-image: url(https:\/\/ekh3.w3po.de\/ekh4\/wp-content\/uploads\/sites\/2\/2024\/12\/Lamm-AI1_new.jpg); height: 345px;\"><\/div><div class=\"beitrag_grid-text\" style=\"height: 345px;\"><div class=\"syle-title\"><\/div><h3>Dr. med.<br>Christoph Lamm<\/h3>Facharzt f\u00fcr HNO\n\n<br><br>\n\nTelefon: 0511-1235783\n<br>\nEmail : mail@hno-dr-lamm.de<br>\n<br>\n<\/a><\/div><\/a><\/div><\/div><\/div>\n<\/div>\n","protected":false},"excerpt":{"rendered":"<p>HNO Beste Diagnose und Therapie Unsere erfahrenen und hochqualifizierten HNO-Fach\u00e4rzte bieten das komplette Spektrum an Diagnostik und Behandlungsmethoden im Hals-Nasen-Ohren-Bereich [&hellip;]<\/p>\n","protected":false},"author":1,"featured_media":161,"parent":60,"menu_order":130,"comment_status":"closed","ping_status":"closed","template":"","meta":{"site-sidebar-layout":"default","site-content-layout":"","ast-site-content-layout":"default","site-content-style":"default","site-sidebar-style":"default","ast-global-header-display":"","ast-banner-title-visibility":"","ast-main-header-display":"","ast-hfb-above-header-display":"","ast-hfb-below-header-display":"","ast-hfb-mobile-header-display":"","site-post-title":"","ast-breadcrumbs-content":"","ast-featured-img":"","footer-sml-layout":"","theme-transparent-header-meta":"","adv-header-id-meta":"","stick-header-meta":"","header-above-stick-meta":"","header-main-stick-meta":"","header-below-stick-meta":"","astra-migrate-meta-layouts":"default","ast-page-background-enabled":"default","ast-page-background-meta":{"desktop":{"background-color":"var(--ast-global-color-5)","background-image":"","background-repeat":"repeat","background-position":"center center","background-size":"auto","background-attachment":"scroll","background-type":"","background-media":"","overlay-type":"","overlay-color":"","overlay-opacity":"","overlay-gradient":""},"tablet":{"background-color":"","background-image":"","background-repeat":"repeat","background-position":"center center","background-size":"auto","background-attachment":"scroll","background-type":"","background-media":"","overlay-type":"","overlay-color":"","overlay-opacity":"","overlay-gradient":""},"mobile":{"background-color":"","background-image":"","background-repeat":"repeat","background-position":"center center","background-size":"auto","background-attachment":"scroll","background-type":"","background-media":"","overlay-type":"","overlay-color":"","overlay-opacity":"","overlay-gradient":""}},"ast-content-background-meta":{"desktop":{"background-color":"var(--ast-global-color-4)","background-image":"","background-repeat":"repeat","background-position":"center center","background-size":"auto","background-attachment":"scroll","background-type":"","background-media":"","overlay-type":"","overlay-color":"","overlay-opacity":"","overlay-gradient":""},"tablet":{"background-color":"var(--ast-global-color-4)","background-image":"","background-repeat":"repeat","background-position":"center center","background-size":"auto","background-attachment":"scroll","background-type":"","background-media":"","overlay-type":"","overlay-color":"","overlay-opacity":"","overlay-gradient":""},"mobile":{"background-color":"var(--ast-global-color-4)","background-image":"","background-repeat":"repeat","background-position":"center center","background-size":"auto","background-attachment":"scroll","background-type":"","background-media":"","overlay-type":"","overlay-color":"","overlay-opacity":"","overlay-gradient":""}},"footnotes":""},"class_list":["post-66","page","type-page","status-publish","has-post-thumbnail","hentry"],"_links":{"self":[{"href":"https:\/\/ekh3.w3po.de\/ekh4\/wp-json\/wp\/v2\/pages\/66","targetHints":{"allow":["GET"]}}],"collection":[{"href":"https:\/\/ekh3.w3po.de\/ekh4\/wp-json\/wp\/v2\/pages"}],"about":[{"href":"https:\/\/ekh3.w3po.de\/ekh4\/wp-json\/wp\/v2\/types\/page"}],"author":[{"embeddable":true,"href":"https:\/\/ekh3.w3po.de\/ekh4\/wp-json\/wp\/v2\/users\/1"}],"replies":[{"embeddable":true,"href":"https:\/\/ekh3.w3po.de\/ekh4\/wp-json\/wp\/v2\/comments?post=66"}],"version-history":[{"count":4,"href":"https:\/\/ekh3.w3po.de\/ekh4\/wp-json\/wp\/v2\/pages\/66\/revisions"}],"predecessor-version":[{"id":4326,"href":"https:\/\/ekh3.w3po.de\/ekh4\/wp-json\/wp\/v2\/pages\/66\/revisions\/4326"}],"up":[{"embeddable":true,"href":"https:\/\/ekh3.w3po.de\/ekh4\/wp-json\/wp\/v2\/pages\/60"}],"wp:featuredmedia":[{"embeddable":true,"href":"https:\/\/ekh3.w3po.de\/ekh4\/wp-json\/wp\/v2\/media\/161"}],"wp:attachment":[{"href":"https:\/\/ekh3.w3po.de\/ekh4\/wp-json\/wp\/v2\/media?parent=66"}],"curies":[{"name":"wp","href":"https:\/\/api.w.org\/{rel}","templated":true}]}}