{"id":70,"date":"2025-06-26T14:00:15","date_gmt":"2025-06-26T12:00:15","guid":{"rendered":"https:\/\/ekh.w3po.de\/?page_id=70"},"modified":"2025-10-08T10:37:39","modified_gmt":"2025-10-08T08:37:39","slug":"venenzentrum","status":"publish","type":"page","link":"https:\/\/ekh3.w3po.de\/ekh4\/fachgebiete\/venenzentrum\/","title":{"rendered":"Venenzentrum"},"content":{"rendered":"\n<h1 class=\"wp-block-heading has-large-font-size\">Venenzentrum<\/h1>\n\n\n\n<div class=\"wp-block-group is-layout-constrained wp-container-core-group-is-layout-d2ecfd0b wp-block-group-is-layout-constrained\" style=\"padding-top:0;padding-right:0;padding-bottom:var(--wp--preset--spacing--60);padding-left:0\">\n<div class=\"wp-block-columns is-layout-flex wp-container-core-columns-is-layout-e0e4babd wp-block-columns-is-layout-flex\" style=\"padding-right:0;padding-left:0\">\n<div class=\"wp-block-column is-layout-flow wp-block-column-is-layout-flow\" style=\"padding-right:var(--wp--preset--spacing--60);padding-left:0;flex-basis:35%\">\n<figure class=\"wp-block-image size-full\"><img loading=\"lazy\" decoding=\"async\" width=\"460\" height=\"460\" src=\"https:\/\/ekh3.w3po.de\/ekh4\/wp-content\/uploads\/sites\/2\/2025\/07\/venenzentrum.jpg\" alt=\"\" class=\"wp-image-463\" srcset=\"https:\/\/ekh3.w3po.de\/ekh4\/wp-content\/uploads\/sites\/2\/2025\/07\/venenzentrum.jpg 460w, https:\/\/ekh3.w3po.de\/ekh4\/wp-content\/uploads\/sites\/2\/2025\/07\/venenzentrum-300x300.jpg 300w, https:\/\/ekh3.w3po.de\/ekh4\/wp-content\/uploads\/sites\/2\/2025\/07\/venenzentrum-150x150.jpg 150w\" sizes=\"auto, (max-width: 460px) 100vw, 460px\" \/><\/figure>\n<\/div>\n\n\n\n<div class=\"wp-block-column is-layout-flow wp-block-column-is-layout-flow\">\n<p>H\u00f6chste Kompetenz bei der Behandlung von Venenerkrankungen. Gesunde und sch\u00f6ne Beine ein Leben lang.<\/p>\n\n\n\n<p>Das Venenzentrum Hannover in Kombination mit dem Venenzentrum Braunschweig geh\u00f6ren zu den f\u00fchrenden Venenkliniken Deutschlands und f\u00fchren sehr viele hochspezialisierte Venenoperationen pro Jahr durch. Das Venenzentrum Hannover ist besonders fokussiert auf die Behandlung von Krampfadern jeder Gr\u00f6\u00dfenordnung. Hierbei wird bei uns neben einem perfekten medizinischen Ergebnis besonderer Wert auf die \u00e4sthetischen Anspr\u00fcche unserer Patienten gelegt. Narbenfreie Operationsverfahren erm\u00f6glichen es diesen Anspr\u00fcchen gerecht zu werden.<\/p>\n\n\n\n<p>In dem uns angeschlossenen&nbsp;<strong>Medizinischen Versorgungszentrum (MVZ) am Emmichplatz<\/strong>, in der Eichstrasse 2, k\u00f6nnen Patienten jeder Versicherung einen Untersuchungstermin erhalten.<br>Lassen Sie sich \u00fcber die aktuellen Behandlungsm\u00f6glichkeiten von fach\u00e4rztlicher Kompetenz beraten.<\/p>\n<\/div>\n<\/div>\n\n\n\n<p>St\u00e4ndige Fortbildung sowie unsere hohen Erfahrungswerte mit \u00fcber 42.000 zufriedenen Venenpatienten in den letzten 25 Jahren sind ein Garant f\u00fcr jeden Venenpatienten.<\/p>\n\n\n\n<p>Hier erhalten Sie eine individuell auf Sie abgestimmte Therapie wie z.B. minimal invasive endoluminale Thermoablationsverfahren ( Radiowellenablation \/ Lasertherapie) zur Beseitigung von Krampfadern, bei der man sich meist den Leistenschnitt erspart. Unser Credo ist es, ein perfektes medizinisches Ergebnis zu erzielen und daher ein besonders sch\u00f6nes \u00e4sthetisches Ergebnis als Nebeneffekt zu erhalten. Wir f\u00fchren aber auch die konventionellen operativen Behandlungsverfahren ( Strippingoperation ) durch.<\/p>\n\n\n\n<p>Zu den Behandlungsschwerpunkten geh\u00f6ren neben den Krampfadern jeder Gr\u00f6\u00dfenordnung auch kleinste Besenreiser und die etwas gr\u00f6\u00dferen Astvarizen, die meist mittels Ver\u00f6dung beseitigt werden k\u00f6nnen.<\/p>\n\n\n\n<p>Ein weiterer Schwerpunkt ist die Diagnostik und Behandlung von arteriellen Durchblutungsst\u00f6rungen , wie z. B. der&nbsp; p AVK ( \u201e Raucherbein \u201e ) und offenen Beinen bei chronischen Venenleiden. Das Venenzentrum Hannover verf\u00fcgt \u00fcber neueste und beste personelle, technische und apparative M\u00f6glichkeiten, Krampfadern jeder Gr\u00f6\u00dfenordnung effizient und unter besten kosmetischen Ergebnissen zu beseitigen.<\/p>\n\n\n\n<p><strong>Terminabsprache unter 0511 \u2013 9904421<\/strong><\/p>\n\n\n\n<p>(&nbsp;<strong>MVZ am Emmichplatz, Eichstrasse 2, 30161 Hannover )<\/strong>.<\/p>\n\n\n\n<p>Wir freuen uns auf Sie!<\/p>\n<\/div>\n\n\n\n<div class=\"wp-block-group is-layout-constrained wp-container-core-group-is-layout-c6787eed wp-block-group-is-layout-constrained\" style=\"padding-top:var(--wp--preset--spacing--60);padding-right:0;padding-bottom:var(--wp--preset--spacing--60);padding-left:0\">\n<h2 class=\"wp-block-heading\">Ihre Ansprechpartner <\/h2>\n\n\n<div class=\"at_wrapper_div\"><div class=\"beitrag_grid_wrapper theme_style_2\"><div class=\"beitrag_grid-post-wrapper\"><a href=\"https:\/\/ekh3.w3po.de\/ekh4\/dirk-barnstorf\/\" class=\"beitrag_link\"><div class=\"beitrag_grid-thumbnail\" style=\"background-image: url(https:\/\/ekh3.w3po.de\/ekh4\/wp-content\/uploads\/sites\/2\/2024\/11\/dirk_new.jpg); height: 345px;\"><\/div><div class=\"beitrag_grid-text\" style=\"height: 345px;\"><div class=\"syle-title\"><\/div><h3>Dr. med.<br>Dirk Barnstorf<\/h3>Facharzt f\u00fcr Chirurgie und Gef\u00e4\u00dfchirurgie, Endovaskularchirurg , \u00c4rztlicher Leiter des MVZ\n\n<br><br><br>\n\nTelefon: 511 99044-21<br>\nEmail: info@mvzha.de<br>\n<br>\n<\/a><\/div><\/a><\/div><div class=\"beitrag_grid-post-wrapper\"><a href=\"https:\/\/ekh3.w3po.de\/ekh4\/barbara-bock\/\" class=\"beitrag_link\"><div class=\"beitrag_grid-thumbnail\" style=\"background-image: url(https:\/\/ekh3.w3po.de\/ekh4\/wp-content\/uploads\/sites\/2\/2024\/12\/barbara_new.jpg); height: 345px;\"><\/div><div class=\"beitrag_grid-text\" style=\"height: 345px;\"><div class=\"syle-title\"><\/div><h3>Barbara Bock<\/h3>Fach\u00e4rztin f\u00fcr Chirurgie und Gef\u00e4\u00dfchirurgie, spezialisiert auf FA f\u00fcr Chirurgie und Gef\u00e4\u00dfchirurgie im MVZ am Emmichplatz\nSprechstunde in der Eichstr. 2 (nicht in der Eilenriede Klinik!) <br>\n<br>\n Telefon: 0511 990 4421<br>\nEmail: info@mvzha.de<\/a><\/div><\/a><\/div><\/div><\/div>\n<\/div>\n","protected":false},"excerpt":{"rendered":"<p>Venenzentrum H\u00f6chste Kompetenz bei der Behandlung von Venenerkrankungen. Gesunde und sch\u00f6ne Beine ein Leben lang. Das Venenzentrum Hannover in Kombination [&hellip;]<\/p>\n","protected":false},"author":1,"featured_media":163,"parent":60,"menu_order":194,"comment_status":"closed","ping_status":"closed","template":"","meta":{"site-sidebar-layout":"default","site-content-layout":"","ast-site-content-layout":"default","site-content-style":"default","site-sidebar-style":"default","ast-global-header-display":"","ast-banner-title-visibility":"","ast-main-header-display":"","ast-hfb-above-header-display":"","ast-hfb-below-header-display":"","ast-hfb-mobile-header-display":"","site-post-title":"","ast-breadcrumbs-content":"","ast-featured-img":"","footer-sml-layout":"","theme-transparent-header-meta":"","adv-header-id-meta":"","stick-header-meta":"","header-above-stick-meta":"","header-main-stick-meta":"","header-below-stick-meta":"","astra-migrate-meta-layouts":"default","ast-page-background-enabled":"default","ast-page-background-meta":{"desktop":{"background-color":"var(--ast-global-color-5)","background-image":"","background-repeat":"repeat","background-position":"center center","background-size":"auto","background-attachment":"scroll","background-type":"","background-media":"","overlay-type":"","overlay-color":"","overlay-opacity":"","overlay-gradient":""},"tablet":{"background-color":"","background-image":"","background-repeat":"repeat","background-position":"center center","background-size":"auto","background-attachment":"scroll","background-type":"","background-media":"","overlay-type":"","overlay-color":"","overlay-opacity":"","overlay-gradient":""},"mobile":{"background-color":"","background-image":"","background-repeat":"repeat","background-position":"center center","background-size":"auto","background-attachment":"scroll","background-type":"","background-media":"","overlay-type":"","overlay-color":"","overlay-opacity":"","overlay-gradient":""}},"ast-content-background-meta":{"desktop":{"background-color":"var(--ast-global-color-4)","background-image":"","background-repeat":"repeat","background-position":"center center","background-size":"auto","background-attachment":"scroll","background-type":"","background-media":"","overlay-type":"","overlay-color":"","overlay-opacity":"","overlay-gradient":""},"tablet":{"background-color":"var(--ast-global-color-4)","background-image":"","background-repeat":"repeat","background-position":"center center","background-size":"auto","background-attachment":"scroll","background-type":"","background-media":"","overlay-type":"","overlay-color":"","overlay-opacity":"","overlay-gradient":""},"mobile":{"background-color":"var(--ast-global-color-4)","background-image":"","background-repeat":"repeat","background-position":"center center","background-size":"auto","background-attachment":"scroll","background-type":"","background-media":"","overlay-type":"","overlay-color":"","overlay-opacity":"","overlay-gradient":""}},"footnotes":""},"class_list":["post-70","page","type-page","status-publish","has-post-thumbnail","hentry"],"_links":{"self":[{"href":"https:\/\/ekh3.w3po.de\/ekh4\/wp-json\/wp\/v2\/pages\/70","targetHints":{"allow":["GET"]}}],"collection":[{"href":"https:\/\/ekh3.w3po.de\/ekh4\/wp-json\/wp\/v2\/pages"}],"about":[{"href":"https:\/\/ekh3.w3po.de\/ekh4\/wp-json\/wp\/v2\/types\/page"}],"author":[{"embeddable":true,"href":"https:\/\/ekh3.w3po.de\/ekh4\/wp-json\/wp\/v2\/users\/1"}],"replies":[{"embeddable":true,"href":"https:\/\/ekh3.w3po.de\/ekh4\/wp-json\/wp\/v2\/comments?post=70"}],"version-history":[{"count":6,"href":"https:\/\/ekh3.w3po.de\/ekh4\/wp-json\/wp\/v2\/pages\/70\/revisions"}],"predecessor-version":[{"id":4327,"href":"https:\/\/ekh3.w3po.de\/ekh4\/wp-json\/wp\/v2\/pages\/70\/revisions\/4327"}],"up":[{"embeddable":true,"href":"https:\/\/ekh3.w3po.de\/ekh4\/wp-json\/wp\/v2\/pages\/60"}],"wp:featuredmedia":[{"embeddable":true,"href":"https:\/\/ekh3.w3po.de\/ekh4\/wp-json\/wp\/v2\/media\/163"}],"wp:attachment":[{"href":"https:\/\/ekh3.w3po.de\/ekh4\/wp-json\/wp\/v2\/media?parent=70"}],"curies":[{"name":"wp","href":"https:\/\/api.w.org\/{rel}","templated":true}]}}