{"id":72,"date":"2025-06-26T14:01:04","date_gmt":"2025-06-26T12:01:04","guid":{"rendered":"https:\/\/ekh.w3po.de\/?page_id=72"},"modified":"2025-10-09T15:00:41","modified_gmt":"2025-10-09T13:00:41","slug":"orthopaedie-gelenkchirurgie","status":"publish","type":"page","link":"https:\/\/ekh3.w3po.de\/ekh4\/fachgebiete\/orthopaedie-gelenkchirurgie\/","title":{"rendered":"Orthop\u00e4die &#8211; Gelenkchirurgie"},"content":{"rendered":"\n<h1 class=\"wp-block-heading has-large-font-size\">Orthop\u00e4die &#8211; Gelenkchirurgie<\/h1>\n\n\n\n<h3 class=\"wp-block-heading\" style=\"margin-bottom:var(--wp--preset--spacing--50)\">Spezialisiert auf die gelenkerhaltende, rekonstruktive Chirurgie <br>und Prothetik an Schulter, H\u00fcfte und Knie<\/h3>\n\n\n\n<div class=\"wp-block-group is-layout-constrained wp-container-core-group-is-layout-d2ecfd0b wp-block-group-is-layout-constrained\" style=\"padding-top:0;padding-right:0;padding-bottom:var(--wp--preset--spacing--60);padding-left:0\">\n<div class=\"wp-block-columns is-layout-flex wp-container-core-columns-is-layout-e0e4babd wp-block-columns-is-layout-flex\" style=\"padding-right:0;padding-left:0\">\n<div class=\"wp-block-column is-layout-flow wp-block-column-is-layout-flow\" style=\"padding-right:var(--wp--preset--spacing--60);padding-left:0;flex-basis:35%\">\n<figure class=\"wp-block-image size-full\"><img loading=\"lazy\" decoding=\"async\" width=\"1024\" height=\"1536\" src=\"https:\/\/ekh3.w3po.de\/ekh4\/wp-content\/uploads\/sites\/2\/2025\/10\/orthopaedie.png\" alt=\"\" class=\"wp-image-4416\" srcset=\"https:\/\/ekh3.w3po.de\/ekh4\/wp-content\/uploads\/sites\/2\/2025\/10\/orthopaedie.png 1024w, https:\/\/ekh3.w3po.de\/ekh4\/wp-content\/uploads\/sites\/2\/2025\/10\/orthopaedie-200x300.png 200w, https:\/\/ekh3.w3po.de\/ekh4\/wp-content\/uploads\/sites\/2\/2025\/10\/orthopaedie-683x1024.png 683w, https:\/\/ekh3.w3po.de\/ekh4\/wp-content\/uploads\/sites\/2\/2025\/10\/orthopaedie-768x1152.png 768w\" sizes=\"auto, (max-width: 1024px) 100vw, 1024px\" \/><\/figure>\n<\/div>\n\n\n\n<div class=\"wp-block-column is-layout-flow wp-block-column-is-layout-flow\">\n<p>Unser Team von erfahrenen Fach\u00e4rzten und Assistenz\u00e4rzten, die seit vielen Jahren zusammenarbeiten. Wir sind spezialisiert auf die gelenkerhaltende, rekonstruktive Chirurgie und Prothetik an Schulter, H\u00fcfte und Knie. Uns vereint schon immer das Ziel, jedem Patienten die medizinisch beste L\u00f6sung f\u00fcr sein Problem zu erm\u00f6glichen. Unser Anspruch ist es, s\u00e4mtliche verf\u00fcgbare Operationsverfahren perfekt anzuwenden: Arthroskopie, Knorpel- und Bandrekonstruktion, Weichteileingriffe, Knochenkorrekturen (Osteotomien), Teilprothetik und Vollprothetik der Gelenke.<\/p>\n\n\n\n<p>Als Patient k\u00f6nnen Sie sicher sein, nach dem besten bekannten Standard beraten und behandelt zu werden. Nicht selten unterscheiden sich unsere Empfehlungen von jenen anderer \u00c4rzte. Viele unserer Patienten sind bereits voroperiert und haben negative Erfahrungen gemacht. Sie k\u00f6nnen versichert sein, dass wir Sie nach bestem Wissen und Gewissen und h\u00f6chstem internationalen Standard beraten und operativ behandeln. Wir haben keine wirtschaftliche Bindung an Firmen oder Implantate und verwenden stets jene Produkte, die wir f\u00fcr die besten halten.<br><br><\/p>\n<\/div>\n<\/div>\n\n\n\n<p>Jeder von uns \u00c4rzten ber\u00e4t j\u00e4hrlich Tausende von Patienten in den Sprechstunden und f\u00fchrt hunderte von komplexen Operationen durch. Durch konsequente Spezialisierung k\u00f6nnen wir unsere Techniken kontinuierlich verbessern. Vielfach sind wir an der Entwicklung und Einf\u00fchrung von Innovationen beteiligt. Unser Datenbanksystem erlaubt uns zu jeder Zeit Zugriff auf alle Patientendaten sowie alle R\u00f6ntgen-, MR-und Arthroskopiebilder unserer mittlerweile 25.000 Patienten. T\u00e4gliche Fallkonferenzen dienen der internen Qualit\u00e4tssicherung. Stetige Nachuntersuchungen von Patientengruppen, erm\u00f6glicht durch einen eigenen Wissenschaftsverein, best\u00e4tigen unser Konzept.<br><br><\/p>\n<\/div>\n\n\n\n<div class=\"wp-block-group is-layout-constrained wp-container-core-group-is-layout-c6787eed wp-block-group-is-layout-constrained\" style=\"padding-top:var(--wp--preset--spacing--60);padding-right:0;padding-bottom:var(--wp--preset--spacing--60);padding-left:0\">\n<h2 class=\"wp-block-heading\">Ihre Ansprechpartner<\/h2>\n\n\n<div class=\"at_wrapper_div1\"><div class=\"beitrag_grid_wrapper theme_style_2\"><div class=\"beitrag_grid-post-wrapper\"><a href=\"https:\/\/ekh3.w3po.de\/ekh4\/jens-d-agneskirchner\/\" class=\"beitrag_link\"><div class=\"beitrag_grid-thumbnail\" style=\"background-image: url(https:\/\/ekh3.w3po.de\/ekh4\/wp-content\/uploads\/sites\/2\/2024\/11\/jens_agneskirchner1_new.jpg); height: 345px;\"><\/div><div class=\"beitrag_grid-text\" style=\"height: 345px;\"><div class=\"syle-title\"><\/div><h3>Privatdozent Dr. med.<br>Jens D. Agneskirchner<\/h3>Facharzt f\u00fcr Orthop\u00e4die und Unfallchirurgie, Schulter- und Ellenbogen-Spezialist \n\n<br><br>\n\nTelefon: 0511-7005250<br>\nEmail: info@g-o-hannover.de<br>\n<br>\n<div class=\"zertifikat-shortcode\">\n<div class=\"zertifikate-top-medizin\" style=\"background-image: url('\/wp-content\/uploads\/sites\/2\/2025\/07\/5.png')\">\n<\/div>\n<div class=\"zertifikate-top-medizin\" style=\"background-image: url('\/wp-content\/uploads\/sites\/2\/2025\/08\/top24.png')\">\n<\/div>\n\n<div class=\"zertifikate-top-medizin\" style=\"background-image: url('\/wp-content\/uploads\/sites\/2\/2025\/07\/8.png')\">\n<\/div>\n<div class=\"zertifikate-top-medizin\" style=\"background-image: url('\/wp-content\/uploads\/sites\/2\/2025\/07\/2.png')\">\n<\/div>\n<\/div><\/a><\/div><\/a><\/div><div class=\"beitrag_grid-post-wrapper\"><a href=\"https:\/\/ekh3.w3po.de\/ekh4\/leif-claassen\/\" class=\"beitrag_link\"><div class=\"beitrag_grid-thumbnail\" style=\"background-image: url(https:\/\/ekh3.w3po.de\/ekh4\/wp-content\/uploads\/sites\/2\/2024\/12\/claassen_gross1_new.jpg); height: 345px;\"><\/div><div class=\"beitrag_grid-text\" style=\"height: 345px;\"><div class=\"syle-title\"><\/div><h3>Prof. Dr. med.<br>Leif Claa\u00dfen<\/h3>Facharzt f\u00fcr Orthop\u00e4die und Unfallchirurgie, spezialisiert auf Fu\u00df- und Sprunggelenkchirurgie.\n<br>\n<br>\nTelefon: 0511-8998800<br>\nEmail: info@rueckenprofis.de<br>\n<br>\n<div class=\"zertifikat-shortcode\">\n<div class=\"zertifikate-top-medizin\" style=\"background-image: url('\/wp-content\/uploads\/sites\/2\/2025\/07\/5.png')\">\n<\/div>\n<div class=\"zertifikate-top-medizin\" style=\"background-image: url('\/wp-content\/uploads\/sites\/2\/2025\/08\/top24.png')\">\n<\/div>\n\n<div class=\"zertifikate-top-medizin\" style=\"background-image: url('')\">\n<\/div>\n<div class=\"zertifikate-top-medizin\" style=\"background-image: url('')\">\n<\/div>\n<\/div><\/a><\/div><\/a><\/div><div class=\"beitrag_grid-post-wrapper\"><a href=\"https:\/\/ekh3.w3po.de\/ekh4\/prof-dr-med-thilo-floerkemeier\/\" class=\"beitrag_link\"><div class=\"beitrag_grid-thumbnail\" style=\"background-image: url(https:\/\/ekh3.w3po.de\/ekh4\/wp-content\/uploads\/sites\/2\/2024\/12\/thilo_floerkemeier1_new3.jpg); height: 345px;\"><\/div><div class=\"beitrag_grid-text\" style=\"height: 345px;\"><div class=\"syle-title\"><\/div><h3>Prof. Dr. med.<br>Thilo Fl\u00f6rkemeier<\/h3>Facharzt f\u00fcr Orthop\u00e4die und Unfallchirurgie, Spezielle Orthop\u00e4dische Chirurgie, Sportmedizin\n<br>\n Telefon: 0511 7005250<br>\nEmail: info@<span>g-o-hannover.de<\/span>\n<br>\n<br>\n\n<div class=\"zertifikat-shortcode\">\n<div class=\"zertifikate-top-medizin\" style=\"background-image: url('\/wp-content\/uploads\/sites\/2\/2025\/07\/5.png')\">\n<\/div>\n<div class=\"zertifikate-top-medizin\" style=\"background-image: url('\/wp-content\/uploads\/sites\/2\/2025\/08\/top24.png')\">\n<\/div>\n\n<div class=\"zertifikate-top-medizin\" style=\"background-image: url('\/wp-content\/uploads\/sites\/2\/2025\/07\/7.png')\">\n<\/div>\n<div class=\"zertifikate-top-medizin\" style=\"background-image: url('')\">\n<\/div>\n<\/div><\/a><\/div><\/a><\/div><div class=\"beitrag_grid-post-wrapper\"><a href=\"https:\/\/ekh3.w3po.de\/ekh4\/stephanie-floerkemeier\/\" class=\"beitrag_link\"><div class=\"beitrag_grid-thumbnail\" style=\"background-image: url(https:\/\/ekh3.w3po.de\/ekh4\/wp-content\/uploads\/sites\/2\/2024\/12\/floerkemeier16_new.jpg); height: 345px;\"><\/div><div class=\"beitrag_grid-text\" style=\"height: 345px;\"><div class=\"syle-title\"><\/div><h3>Dr. med.<br>Stephanie Fl\u00f6rkemeier<\/h3>Fach\u00e4rztin f\u00fcr Orthop\u00e4die und Unfallchirurgie\n\n<br><br><br>\n\nTelefon: 0511-7005250<br>\nEmail: info@g-o-hannover.de<br>\n<br>\n<\/a><\/div><\/a><\/div><div class=\"beitrag_grid-post-wrapper\"><a href=\"https:\/\/ekh3.w3po.de\/ekh4\/werner-koithan\/\" class=\"beitrag_link\"><div class=\"beitrag_grid-thumbnail\" style=\"background-image: url(https:\/\/ekh3.w3po.de\/ekh4\/wp-content\/uploads\/sites\/2\/2024\/12\/Dr.-med.-Werner-Koithan1_new.jpg); height: 345px;\"><\/div><div class=\"beitrag_grid-text\" style=\"height: 345px;\"><div class=\"syle-title\"><\/div><h3>Dr. med.<br>Werner Koithan<\/h3>Facharzt f\u00fcr Chirurgie, Orthop\u00e4die und Unfallchirurgie\n\n<br><br><br>\n\nTelefon: 0511 \u2013 8998800\n<br>\nEmail : info@rueckenprofis.de<br>\n<br>\n<\/a><\/div><\/a><\/div><div class=\"beitrag_grid-post-wrapper\"><a href=\"https:\/\/ekh3.w3po.de\/ekh4\/wego-kregehr\/\" class=\"beitrag_link\"><div class=\"beitrag_grid-thumbnail\" style=\"background-image: url(https:\/\/ekh3.w3po.de\/ekh4\/wp-content\/uploads\/sites\/2\/2024\/12\/kregehr1_new.jpg); height: 345px;\"><\/div><div class=\"beitrag_grid-text\" style=\"height: 345px;\"><div class=\"syle-title\"><\/div><h3>Dr. med.<br>Wego Kregehr<\/h3>Facharzt f\u00fcr Orthop\u00e4die und Unfallchirurgie mit spezialisierung auf Kniechirurgie und Sportmedizin\n\n<br><br><br>\n\nTelefon: 0511-4500761\n<br>\nEmail : info@gelenkzentrum-hannover.de<br>\n<br>\n<\/a><\/div><\/a><\/div><div class=\"beitrag_grid-post-wrapper\"><a href=\"https:\/\/ekh3.w3po.de\/ekh4\/prof-dr-med-philipp-lobenhoffer\/\" class=\"beitrag_link\"><div class=\"beitrag_grid-thumbnail\" style=\"background-image: url(https:\/\/ekh3.w3po.de\/ekh4\/wp-content\/uploads\/sites\/2\/2024\/12\/philipp_lobenhoffer3.jpg); height: 345px;\"><\/div><div class=\"beitrag_grid-text\" style=\"height: 345px;\"><div class=\"syle-title\"><\/div><h3>Prof. Dr. med.<br>Philipp Lobenhoffer<\/h3>Facharzt f\u00fcr Chirurgie, \nSpezielle Unfallchirurgie,\nFacharzt f\u00fcr Orthop\u00e4die und Unfallchirurgie, Knie-Spezialist.<br>\nTelefon:  0511-70052511<br>\nEmail: info@g-o-hannover.de<br>\n<br>\n<div class=\"zertifikat-shortcode\">\n<div class=\"zertifikate-top-medizin\" style=\"background-image: url('\/wp-content\/uploads\/sites\/2\/2025\/07\/5.png')\">\n<\/div>\n<div class=\"zertifikate-top-medizin\" style=\"background-image: url('\/wp-content\/uploads\/sites\/2\/2025\/08\/top24.png')\">\n<\/div>\n\n<div class=\"zertifikate-top-medizin\" style=\"background-image: url('\/wp-content\/uploads\/sites\/2\/2025\/07\/8.png')\">\n<\/div>\n<div class=\"zertifikate-top-medizin\" style=\"background-image: url('\/wp-content\/uploads\/sites\/2\/2025\/08\/knee.png')\">\n<\/div>\n<\/div><\/a><\/div><\/a><\/div><div class=\"beitrag_grid-post-wrapper\"><a href=\"https:\/\/ekh3.w3po.de\/ekh4\/dr-med-markus-troeger\/\" class=\"beitrag_link\"><div class=\"beitrag_grid-thumbnail\" style=\"background-image: url(https:\/\/ekh3.w3po.de\/ekh4\/wp-content\/uploads\/sites\/2\/2024\/12\/markus_troeger1_new.jpg); height: 345px;\"><\/div><div class=\"beitrag_grid-text\" style=\"height: 345px;\"><div class=\"syle-title\"><\/div><h3>Dr. med.<br>Markus Tr\u00f6ger<\/h3>Facharzt f\u00fcr Orthop\u00e4die und Unfallchirurgie, Kniegelenk-Spezialist\n\n<br><br>\n\nTelefon: 0511-7005250<br>\nEmail: info@g-o-hannover.de<br>\n<br>\n<div class=\"zertifikat-shortcode\">\n<div class=\"zertifikate-top-medizin\" style=\"background-image: url('\/wp-content\/uploads\/sites\/2\/2025\/07\/5.png')\">\n<\/div>\n<div class=\"zertifikate-top-medizin\" style=\"background-image: url('\/wp-content\/uploads\/sites\/2\/2025\/08\/top24.png')\">\n<\/div>\n\n<div class=\"zertifikate-top-medizin\" style=\"background-image: url('\/wp-content\/uploads\/sites\/2\/2025\/07\/8.png')\">\n<\/div>\n<div class=\"zertifikate-top-medizin\" style=\"background-image: url('\/wp-content\/uploads\/sites\/2\/2025\/08\/knee.png')\">\n<\/div>\n<\/div><\/a><\/div><\/a><\/div><div class=\"beitrag_grid-post-wrapper\"><a href=\"https:\/\/ekh3.w3po.de\/ekh4\/hazibullah-waizy\/\" class=\"beitrag_link\"><div class=\"beitrag_grid-thumbnail\" style=\"background-image: url(https:\/\/ekh3.w3po.de\/ekh4\/wp-content\/uploads\/sites\/2\/2025\/06\/waizy1_new.jpg); height: 345px;\"><\/div><div class=\"beitrag_grid-text\" style=\"height: 345px;\"><div class=\"syle-title\"><\/div><h3>Prof. Dr. med.<br>Hazibullah Waizy<\/h3>FA f\u00fcr Orthop\u00e4die und Unfallchirurgie\nspezialisiert auf Fu\u00df- und Sprunggelenk\n\n<br>\n\nTelefon: 0511-8998800\n<br>\nEmail : info@rueckenprofis.de<br>\n<br>\n<br>\n<div class=\"zertifikat-shortcode\">\n<div class=\"zertifikate-top-medizin\" style=\"background-image: url('\/wp-content\/uploads\/sites\/2\/2025\/07\/1.png')\">\n<\/div>\n<div class=\"zertifikate-top-medizin\" style=\"background-image: url('\/wp-content\/uploads\/sites\/2\/2025\/07\/4.png')\">\n<\/div>\n<div class=\"zertifikate-top-medizin\" style=\"background-image: url('')\">\n<\/div>\n<div class=\"zertifikate-top-medizin\" style=\"background-image: url('')\">\n<\/div>\n<\/div>\n<\/a><\/div><\/a><\/div><div class=\"beitrag_grid-post-wrapper\"><a href=\"https:\/\/ekh3.w3po.de\/ekh4\/mathias-wellmann\/\" class=\"beitrag_link\"><div class=\"beitrag_grid-thumbnail\" style=\"background-image: url(https:\/\/ekh3.w3po.de\/ekh4\/wp-content\/uploads\/sites\/2\/2025\/09\/haar_2.webp); height: 345px;\"><\/div><div class=\"beitrag_grid-text\" style=\"height: 345px;\"><div class=\"syle-title\"><\/div><h3>Prof. Dr. med.<br>Mathias Wellmann<\/h3>Facharzt f\u00fcr Orthop\u00e4die und Unfallchirurgie,\nspezielle Orthop\u00e4dische Chirurgie<br>\n<br>\nTelefon: 0511-8998800\n<br>\nEmail : info@<span>rueckenprofis.de<\/span><br>\n<br>\n<div class=\"zertifikat-shortcode\">\n<div class=\"zertifikate\" style=\"background-image: url('\/wp-content\/uploads\/sites\/2\/2025\/06\/FocusAnae12-158x300-1.png')\">\n<\/div>\n<div class=\"zertifikate-empfehlungen\" style=\"background-image: url('\/wp-content\/uploads\/sites\/2\/2025\/07\/image.png')\">\n<\/div>\n<\/div><\/a><\/div><\/a><\/div><\/div><\/div>\n<\/div>\n","protected":false},"excerpt":{"rendered":"<p>Orthop\u00e4die &#8211; Gelenkchirurgie Spezialisiert auf die gelenkerhaltende, rekonstruktive Chirurgie und Prothetik an Schulter, H\u00fcfte und Knie Unser Team von erfahrenen [&hellip;]<\/p>\n","protected":false},"author":1,"featured_media":164,"parent":60,"menu_order":155,"comment_status":"closed","ping_status":"closed","template":"","meta":{"site-sidebar-layout":"default","site-content-layout":"","ast-site-content-layout":"default","site-content-style":"default","site-sidebar-style":"default","ast-global-header-display":"","ast-banner-title-visibility":"","ast-main-header-display":"","ast-hfb-above-header-display":"","ast-hfb-below-header-display":"","ast-hfb-mobile-header-display":"","site-post-title":"","ast-breadcrumbs-content":"","ast-featured-img":"","footer-sml-layout":"","theme-transparent-header-meta":"","adv-header-id-meta":"","stick-header-meta":"","header-above-stick-meta":"","header-main-stick-meta":"","header-below-stick-meta":"","astra-migrate-meta-layouts":"default","ast-page-background-enabled":"default","ast-page-background-meta":{"desktop":{"background-color":"var(--ast-global-color-5)","background-image":"","background-repeat":"repeat","background-position":"center center","background-size":"auto","background-attachment":"scroll","background-type":"","background-media":"","overlay-type":"","overlay-color":"","overlay-opacity":"","overlay-gradient":""},"tablet":{"background-color":"","background-image":"","background-repeat":"repeat","background-position":"center center","background-size":"auto","background-attachment":"scroll","background-type":"","background-media":"","overlay-type":"","overlay-color":"","overlay-opacity":"","overlay-gradient":""},"mobile":{"background-color":"","background-image":"","background-repeat":"repeat","background-position":"center center","background-size":"auto","background-attachment":"scroll","background-type":"","background-media":"","overlay-type":"","overlay-color":"","overlay-opacity":"","overlay-gradient":""}},"ast-content-background-meta":{"desktop":{"background-color":"var(--ast-global-color-4)","background-image":"","background-repeat":"repeat","background-position":"center center","background-size":"auto","background-attachment":"scroll","background-type":"","background-media":"","overlay-type":"","overlay-color":"","overlay-opacity":"","overlay-gradient":""},"tablet":{"background-color":"var(--ast-global-color-4)","background-image":"","background-repeat":"repeat","background-position":"center center","background-size":"auto","background-attachment":"scroll","background-type":"","background-media":"","overlay-type":"","overlay-color":"","overlay-opacity":"","overlay-gradient":""},"mobile":{"background-color":"var(--ast-global-color-4)","background-image":"","background-repeat":"repeat","background-position":"center center","background-size":"auto","background-attachment":"scroll","background-type":"","background-media":"","overlay-type":"","overlay-color":"","overlay-opacity":"","overlay-gradient":""}},"footnotes":""},"class_list":["post-72","page","type-page","status-publish","has-post-thumbnail","hentry"],"_links":{"self":[{"href":"https:\/\/ekh3.w3po.de\/ekh4\/wp-json\/wp\/v2\/pages\/72","targetHints":{"allow":["GET"]}}],"collection":[{"href":"https:\/\/ekh3.w3po.de\/ekh4\/wp-json\/wp\/v2\/pages"}],"about":[{"href":"https:\/\/ekh3.w3po.de\/ekh4\/wp-json\/wp\/v2\/types\/page"}],"author":[{"embeddable":true,"href":"https:\/\/ekh3.w3po.de\/ekh4\/wp-json\/wp\/v2\/users\/1"}],"replies":[{"embeddable":true,"href":"https:\/\/ekh3.w3po.de\/ekh4\/wp-json\/wp\/v2\/comments?post=72"}],"version-history":[{"count":56,"href":"https:\/\/ekh3.w3po.de\/ekh4\/wp-json\/wp\/v2\/pages\/72\/revisions"}],"predecessor-version":[{"id":4418,"href":"https:\/\/ekh3.w3po.de\/ekh4\/wp-json\/wp\/v2\/pages\/72\/revisions\/4418"}],"up":[{"embeddable":true,"href":"https:\/\/ekh3.w3po.de\/ekh4\/wp-json\/wp\/v2\/pages\/60"}],"wp:featuredmedia":[{"embeddable":true,"href":"https:\/\/ekh3.w3po.de\/ekh4\/wp-json\/wp\/v2\/media\/164"}],"wp:attachment":[{"href":"https:\/\/ekh3.w3po.de\/ekh4\/wp-json\/wp\/v2\/media?parent=72"}],"curies":[{"name":"wp","href":"https:\/\/api.w.org\/{rel}","templated":true}]}}