{"id":76,"date":"2025-06-26T14:01:55","date_gmt":"2025-06-26T12:01:55","guid":{"rendered":"https:\/\/ekh.w3po.de\/?page_id=76"},"modified":"2025-10-06T13:54:23","modified_gmt":"2025-10-06T11:54:23","slug":"schmerztherapie","status":"publish","type":"page","link":"https:\/\/ekh3.w3po.de\/ekh4\/fachgebiete\/schmerztherapie\/","title":{"rendered":"Schmerztherapie"},"content":{"rendered":"\n<h1 class=\"wp-block-heading has-large-font-size\">Schmerztherapie<\/h1>\n\n\n\n<h3 class=\"wp-block-heading\">Schmerzfrei leben<\/h3>\n\n\n\n<div class=\"wp-block-group is-layout-constrained wp-container-core-group-is-layout-d2ecfd0b wp-block-group-is-layout-constrained\" style=\"padding-top:0;padding-right:0;padding-bottom:var(--wp--preset--spacing--60);padding-left:0\">\n<div class=\"wp-block-columns is-layout-flex wp-container-core-columns-is-layout-e0e4babd wp-block-columns-is-layout-flex\" style=\"padding-right:0;padding-left:0\">\n<div class=\"wp-block-column is-layout-flow wp-block-column-is-layout-flow\" style=\"padding-right:var(--wp--preset--spacing--60);padding-left:0;flex-basis:35%\">\n<figure class=\"wp-block-image size-full\"><img loading=\"lazy\" decoding=\"async\" width=\"460\" height=\"460\" src=\"https:\/\/ekh3.w3po.de\/ekh4\/wp-content\/uploads\/sites\/2\/2025\/07\/schmerztherapie.jpg\" alt=\"\" class=\"wp-image-479\" srcset=\"https:\/\/ekh3.w3po.de\/ekh4\/wp-content\/uploads\/sites\/2\/2025\/07\/schmerztherapie.jpg 460w, https:\/\/ekh3.w3po.de\/ekh4\/wp-content\/uploads\/sites\/2\/2025\/07\/schmerztherapie-300x300.jpg 300w, https:\/\/ekh3.w3po.de\/ekh4\/wp-content\/uploads\/sites\/2\/2025\/07\/schmerztherapie-150x150.jpg 150w\" sizes=\"auto, (max-width: 460px) 100vw, 460px\" \/><\/figure>\n<\/div>\n\n\n\n<div class=\"wp-block-column is-layout-flow wp-block-column-is-layout-flow\">\n<p>Mit einem speziell auf das Schmerzproblem zugeschnittenen, individuellen Therapiekonzept behandeln wir grunds\u00e4tzlich alle Patienten, die unter Schmerzen leiden. Wir sind spezialisiert auf neue und besonders schonende Behandlungen, wie z. B.: <\/p>\n\n\n\n<ul class=\"wp-block-list\">\n<li>interdisziplin\u00e4re spezielle Schmerztherapie mit dem Schwerpunkt Wirbels\u00e4ule <\/li>\n\n\n\n<li>Gelenkerkrankungen und Kopfschmerzen <\/li>\n\n\n\n<li>Schmerzen bei Tumorpatienten<\/li>\n<\/ul>\n<\/div>\n<\/div>\n<\/div>\n\n\n\n<div class=\"wp-block-group alignfull has-background is-layout-constrained wp-container-core-group-is-layout-899e6947 wp-block-group-is-layout-constrained\" style=\"background-color:#f7f7f7;padding-top:var(--wp--preset--spacing--60);padding-right:0;padding-bottom:var(--wp--preset--spacing--60);padding-left:0\">\n<div class=\"wp-block-columns is-layout-flex wp-container-core-columns-is-layout-a5331a9e wp-block-columns-is-layout-flex\" style=\"padding-top:0;padding-right:0;padding-bottom:0;padding-left:0\">\n<div class=\"wp-block-column is-layout-flow wp-block-column-is-layout-flow\">\n<h3 class=\"wp-block-heading\"><strong>Wen behandeln wir?<\/strong><\/h3>\n\n\n\n<p>Grunds\u00e4tzlich behandeln wir alle Patienten, die unter Schmerzen leiden. Dabei ist es zun\u00e4chst zweitrangig, um welche Art Schmerzen es sich handelt.<\/p>\n\n\n\n<p>Die \u00fcberwiegende Mehrheit unserer Patienten leidet allerdings unter einem chronischen, also schon l\u00e4ngere Zeit bestehenden Schmerzproblem. Zu dem typischen Krankheitsbild geh\u00f6ren beispielsweise Kopfschmerzen oder Beschwerden im Bereich der Wirbels\u00e4ule und im Bewegungsapparat. Unser Ziel ist es immer, ein speziell auf Ihren Fall zugeschnittenes, individuelles Therapiekonzept zu erstellen.<\/p>\n\n\n\n<p>Der therapeutische Schwerpunkt liegt dabei im Regelfall auf einer Kombination schulmedizinischer Behandlungsmethoden (z. B. Nervenblockaden, Epiduralkatheter, Infusionstherapie) mit den Verfahren der Naturheilkunde, traditioneller chinesischer Medizin wie Akupunktur, Moxibustion etc.<\/p>\n<\/div>\n\n\n\n<div class=\"wp-block-column is-layout-flow wp-block-column-is-layout-flow\">\n<figure class=\"wp-block-image size-full\"><img loading=\"lazy\" decoding=\"async\" width=\"1162\" height=\"740\" src=\"https:\/\/ekh3.w3po.de\/ekh4\/wp-content\/uploads\/sites\/2\/2025\/07\/ruecken.jpg\" alt=\"\" class=\"wp-image-481\" srcset=\"https:\/\/ekh3.w3po.de\/ekh4\/wp-content\/uploads\/sites\/2\/2025\/07\/ruecken.jpg 1162w, https:\/\/ekh3.w3po.de\/ekh4\/wp-content\/uploads\/sites\/2\/2025\/07\/ruecken-300x191.jpg 300w, https:\/\/ekh3.w3po.de\/ekh4\/wp-content\/uploads\/sites\/2\/2025\/07\/ruecken-1024x652.jpg 1024w, https:\/\/ekh3.w3po.de\/ekh4\/wp-content\/uploads\/sites\/2\/2025\/07\/ruecken-768x489.jpg 768w\" sizes=\"auto, (max-width: 1162px) 100vw, 1162px\" \/><\/figure>\n<\/div>\n<\/div>\n\n\n\n<p>Vor Beginn der Schmerztherapie erfolgt zun\u00e4chst eine umfangreiche Erhebung der Anamnese in Hinblick auf Vorerkrankungen, bisher erhobene Befunde, bisherige Therapie der Schmerzen, Dauer, Art und Intensit\u00e4t der Schmerzen, schmerzverst\u00e4rkende und schmerzreduzierende Situationen \u2013 auch unter der Ber\u00fccksichtigung der Lebensumst\u00e4nde. Im Anschluss daran findet eine genaue k\u00f6rperliche Untersuchung statt.<\/p>\n\n\n\n<p>Erstgespr\u00e4ch und Untersuchung dauern gew\u00f6hnlich bis zu einer Stunde. Zur systematischen Anamneseerhebung wird in der Regel ein Schmerzfragebogen verwendet, den der Patient auch zu Hause ausf\u00fcllen kann.<\/p>\n\n\n\n<p>Begleitend erhalten Sie ein so genanntes Schmerztagebuch, in dem sie Schmerzintensit\u00e4t, Art und Dauer im Tagesverlauf dokumentieren. H\u00e4ufig ergeben sich daraus neue diagnostische Aspekte. Die F\u00fchrung eines Schmerztagebuches erlaubt letztlich auch die Beurteilung des Erfolges einer erfolgreichen Schmerztherapie.<\/p>\n<\/div>\n\n\n\n<div class=\"wp-block-group is-layout-constrained wp-container-core-group-is-layout-c6787eed wp-block-group-is-layout-constrained\" style=\"padding-top:var(--wp--preset--spacing--60);padding-right:0;padding-bottom:var(--wp--preset--spacing--60);padding-left:0\">\n<h3 class=\"wp-block-heading\"><strong>Was und wie behandeln wir?<\/strong><\/h3>\n\n\n\n<div class=\"wp-block-columns is-layout-flex wp-container-core-columns-is-layout-28f84493 wp-block-columns-is-layout-flex\">\n<div class=\"wp-block-column is-layout-flow wp-block-column-is-layout-flow\">\n<p><strong>Wir behandeln folgende Krankheitsbilder:<\/strong><\/p>\n\n\n\n<ul class=\"wp-block-list\">\n<li>Kopfschmerzen: unter anderem Migr\u00e4ne, Spannungskopfschmerz und Cluster-Kopfschmerz<\/li>\n\n\n\n<li>Gesichtsschmerzen: unter anderem Trigeminusneuralgie und atypischer Gesichtsschmerz<\/li>\n\n\n\n<li>R\u00fcckenschmerzen: unter anderem Bandscheibenvorfall und Hals- und Lendenwirbels\u00e4ule<\/li>\n\n\n\n<li>Rheumatische Erkrankungen: unter anderem Morbus Bechterew und Arthrose<\/li>\n\n\n\n<li>Fibromyalgie (Weichteilrheumatismus)<\/li>\n\n\n\n<li>Nervenschmerzen: unter anderem Polyneuropathie und Interkostalneuralgie<\/li>\n\n\n\n<li>Schmerzen bei Tumorerkrankungen<\/li>\n\n\n\n<li>Schmerzen bei Osteoporose<\/li>\n\n\n\n<li>Stumpf- oder Phantomschmerzen<\/li>\n\n\n\n<li>Morbus-Sudeck-Syndrom<\/li>\n\n\n\n<li>Herpes Zoster (G\u00fcrtelrose)<\/li>\n\n\n\n<li>Tinnitus<\/li>\n<\/ul>\n<\/div>\n\n\n\n<div class=\"wp-block-column is-layout-flow wp-block-column-is-layout-flow\">\n<p><strong>Wir arbeiten mit folgenden Therapiemethoden:<\/strong><\/p>\n\n\n\n<ul class=\"wp-block-list\">\n<li>Akupunktur nach Zertifizierung (A- und B-Diplom)<\/li>\n\n\n\n<li>Botulinumtoxinbehandlung<\/li>\n\n\n\n<li>Epiduralkatheter nach Prof. Racz bei Bandscheibenvorfall und Bandscheibenvorw\u00f6lbung<\/li>\n\n\n\n<li>Wirbels\u00e4ulenkathetertechnik bei chronischen R\u00fcckenschmerzen<\/li>\n\n\n\n<li>Infusionstherapie<\/li>\n\n\n\n<li>Nervenblockade<\/li>\n\n\n\n<li>Neuraltherapie<\/li>\n\n\n\n<li>R\u00fcckenmarksnahe Blockade<\/li>\n\n\n\n<li>Medikament\u00f6se Schmerztherapie<\/li>\n\n\n\n<li>TENS (Transkutane elektrische Nervenstimulation)<\/li>\n\n\n\n<li>Psychologische Betreuung<\/li>\n\n\n\n<li>Medizinisches Krafttraining<\/li>\n\n\n\n<li>Infusionstherapie bei H\u00f6rsturz<\/li>\n\n\n\n<li>Ern\u00e4hrungstherapie<\/li>\n\n\n\n<li>Bluttransfusion bei chronisch an\u00e4mischen Patienten<\/li>\n\n\n\n<li>Eigenblutspende und Beratung<\/li>\n<\/ul>\n<\/div>\n<\/div>\n<\/div>\n\n\n\n<div class=\"wp-block-group alignfull has-background is-layout-constrained wp-container-core-group-is-layout-899e6947 wp-block-group-is-layout-constrained\" style=\"background-color:#f7f7f7;padding-top:var(--wp--preset--spacing--60);padding-right:0;padding-bottom:var(--wp--preset--spacing--60);padding-left:0\">\n<div class=\"wp-block-columns is-layout-flex wp-container-core-columns-is-layout-a5331a9e wp-block-columns-is-layout-flex\" style=\"padding-top:0;padding-right:0;padding-bottom:0;padding-left:0\">\n<div class=\"wp-block-column is-layout-flow wp-block-column-is-layout-flow\">\n<h3 class=\"wp-block-heading\"><strong>Station\u00e4re Schmerztherapie<\/strong><\/h3>\n\n\n\n<p>Eine station\u00e4re Aufnahme kommt in Frage, wenn Sie von ausw\u00e4rts anreisen oder bei Patienten, bei denen eine ambulante Schmerztherapie allein nicht mehr ausreicht. Die mehrt\u00e4gige Aufnahme in unserer Klinik erm\u00f6glicht im Bedarfsfall eine gezielte Schmerztherapie mit Infiltration der schmerzverursachenden Regionen unter R\u00f6ntgen-Bildwandler im Operationssaal. <br><br>Hierbei werden Medikamente unter optischer Kontrolle wirbels\u00e4ulennah verabreicht, so dass die Regionen der Schmerzentstehung ausgeschaltet werden. Diese Technik nach Prof. Racz wird erfolgreich bei akuten und nicht ertr\u00e4glich starken Schmerzen bedingt durch Bandscheibenvorw\u00f6lbung oder Bandscheibenvorfall eingesetzt. <br><br>Erg\u00e4nzt wird diese Therapie durch nicht-invasive Behandlungstechniken im Sinne von Infusionsbehandlungen, Elektrotherapie, Krankengymnastik, R\u00fcckenschule und \u00dcbungen zum Muskelaufbau.<\/p>\n<\/div>\n<\/div>\n<\/div>\n\n\n\n<div class=\"wp-block-group is-layout-constrained wp-container-core-group-is-layout-c6787eed wp-block-group-is-layout-constrained\" style=\"padding-top:var(--wp--preset--spacing--60);padding-right:0;padding-bottom:var(--wp--preset--spacing--60);padding-left:0\">\n<h2 class=\"wp-block-heading\">Ihre Ansprechpartner <\/h2>\n\n\n<div class=\"at_wrapper_div\"><div class=\"beitrag_grid_wrapper theme_style_2\"><div class=\"beitrag_grid-post-wrapper\"><a href=\"https:\/\/ekh3.w3po.de\/ekh4\/a-razeq-alimy\/\" class=\"beitrag_link\"><div class=\"beitrag_grid-thumbnail\" style=\"background-image: url(https:\/\/ekh3.w3po.de\/ekh4\/wp-content\/uploads\/sites\/2\/2024\/11\/Razeq-Alimy-1_new.jpg); height: 345px;\"><\/div><div class=\"beitrag_grid-text\" style=\"height: 345px;\"><div class=\"syle-title\"><\/div><h3>A. Razeq Alimy<\/h3>Facharzt f\u00fcr An\u00e4sthesie, Schmerztherapie und Akupunktur. \u00c4rztlicher Leiter der Eilenriedeklinik und OP-Manager.<br>\n<br>\nTelefon: 0511-8664501<br>\nEmail: alimy@schmerzdienste.de<\/a><\/div><\/a><\/div><div class=\"beitrag_grid-post-wrapper\"><a href=\"https:\/\/ekh3.w3po.de\/ekh4\/yuliya-myasnikova\/\" class=\"beitrag_link\"><div class=\"beitrag_grid-thumbnail\" style=\"background-image: url(https:\/\/ekh3.w3po.de\/ekh4\/wp-content\/uploads\/sites\/2\/2024\/12\/Youlia-Myasnikova-1_new.jpg); height: 345px;\"><\/div><div class=\"beitrag_grid-text\" style=\"height: 345px;\"><div class=\"syle-title\"><\/div><h3>Yuliya Myasnikova<\/h3>Fach\u00e4rztin f\u00fcr An\u00e4sthesie und spezielle Schmerztherapie, spezialisiert auf Schmerzbehandlung und Akupunktur.<br>\n<br>\nTelefon: 0511-8664501<br>\nEmail: praxis@schmerzdienste.de<\/a><\/div><\/a><\/div><div class=\"beitrag_grid-post-wrapper\"><a href=\"https:\/\/ekh3.w3po.de\/ekh4\/dr-med-rudolf-tamm\/\" class=\"beitrag_link\"><div class=\"beitrag_grid-thumbnail\" style=\"background-image: url(https:\/\/ekh3.w3po.de\/ekh4\/wp-content\/uploads\/sites\/2\/2025\/09\/Rudolf-Tamm.jpg); height: 345px;\"><\/div><div class=\"beitrag_grid-text\" style=\"height: 345px;\"><div class=\"syle-title\"><\/div><h3>Dr. med.<br>Rudolf Tamm<\/h3>Facharzt f\u00fcr An\u00e4sthesie, spezielle Schmerztherapie, Allgemeinmedizin und Notfallmedizin<br>\n<br>\nTelefon: 0511- 8664501<br>\nEmail: praxis@schmerzdienste.de\n\n<\/a><\/div><\/a><\/div><\/div><\/div>\n<\/div>\n","protected":false},"excerpt":{"rendered":"<p>Schmerztherapie Schmerzfrei leben Mit einem speziell auf das Schmerzproblem zugeschnittenen, individuellen Therapiekonzept behandeln wir grunds\u00e4tzlich alle Patienten, die unter Schmerzen [&hellip;]<\/p>\n","protected":false},"author":1,"featured_media":166,"parent":60,"menu_order":180,"comment_status":"closed","ping_status":"closed","template":"","meta":{"site-sidebar-layout":"default","site-content-layout":"","ast-site-content-layout":"default","site-content-style":"default","site-sidebar-style":"default","ast-global-header-display":"","ast-banner-title-visibility":"","ast-main-header-display":"","ast-hfb-above-header-display":"","ast-hfb-below-header-display":"","ast-hfb-mobile-header-display":"","site-post-title":"","ast-breadcrumbs-content":"","ast-featured-img":"","footer-sml-layout":"","theme-transparent-header-meta":"","adv-header-id-meta":"","stick-header-meta":"","header-above-stick-meta":"","header-main-stick-meta":"","header-below-stick-meta":"","astra-migrate-meta-layouts":"default","ast-page-background-enabled":"default","ast-page-background-meta":{"desktop":{"background-color":"var(--ast-global-color-5)","background-image":"","background-repeat":"repeat","background-position":"center center","background-size":"auto","background-attachment":"scroll","background-type":"","background-media":"","overlay-type":"","overlay-color":"","overlay-opacity":"","overlay-gradient":""},"tablet":{"background-color":"","background-image":"","background-repeat":"repeat","background-position":"center center","background-size":"auto","background-attachment":"scroll","background-type":"","background-media":"","overlay-type":"","overlay-color":"","overlay-opacity":"","overlay-gradient":""},"mobile":{"background-color":"","background-image":"","background-repeat":"repeat","background-position":"center center","background-size":"auto","background-attachment":"scroll","background-type":"","background-media":"","overlay-type":"","overlay-color":"","overlay-opacity":"","overlay-gradient":""}},"ast-content-background-meta":{"desktop":{"background-color":"var(--ast-global-color-4)","background-image":"","background-repeat":"repeat","background-position":"center center","background-size":"auto","background-attachment":"scroll","background-type":"","background-media":"","overlay-type":"","overlay-color":"","overlay-opacity":"","overlay-gradient":""},"tablet":{"background-color":"var(--ast-global-color-4)","background-image":"","background-repeat":"repeat","background-position":"center center","background-size":"auto","background-attachment":"scroll","background-type":"","background-media":"","overlay-type":"","overlay-color":"","overlay-opacity":"","overlay-gradient":""},"mobile":{"background-color":"var(--ast-global-color-4)","background-image":"","background-repeat":"repeat","background-position":"center center","background-size":"auto","background-attachment":"scroll","background-type":"","background-media":"","overlay-type":"","overlay-color":"","overlay-opacity":"","overlay-gradient":""}},"footnotes":""},"class_list":["post-76","page","type-page","status-publish","has-post-thumbnail","hentry"],"_links":{"self":[{"href":"https:\/\/ekh3.w3po.de\/ekh4\/wp-json\/wp\/v2\/pages\/76","targetHints":{"allow":["GET"]}}],"collection":[{"href":"https:\/\/ekh3.w3po.de\/ekh4\/wp-json\/wp\/v2\/pages"}],"about":[{"href":"https:\/\/ekh3.w3po.de\/ekh4\/wp-json\/wp\/v2\/types\/page"}],"author":[{"embeddable":true,"href":"https:\/\/ekh3.w3po.de\/ekh4\/wp-json\/wp\/v2\/users\/1"}],"replies":[{"embeddable":true,"href":"https:\/\/ekh3.w3po.de\/ekh4\/wp-json\/wp\/v2\/comments?post=76"}],"version-history":[{"count":11,"href":"https:\/\/ekh3.w3po.de\/ekh4\/wp-json\/wp\/v2\/pages\/76\/revisions"}],"predecessor-version":[{"id":4330,"href":"https:\/\/ekh3.w3po.de\/ekh4\/wp-json\/wp\/v2\/pages\/76\/revisions\/4330"}],"up":[{"embeddable":true,"href":"https:\/\/ekh3.w3po.de\/ekh4\/wp-json\/wp\/v2\/pages\/60"}],"wp:featuredmedia":[{"embeddable":true,"href":"https:\/\/ekh3.w3po.de\/ekh4\/wp-json\/wp\/v2\/media\/166"}],"wp:attachment":[{"href":"https:\/\/ekh3.w3po.de\/ekh4\/wp-json\/wp\/v2\/media?parent=76"}],"curies":[{"name":"wp","href":"https:\/\/api.w.org\/{rel}","templated":true}]}}