{"id":82,"date":"2025-06-26T14:03:33","date_gmt":"2025-06-26T12:03:33","guid":{"rendered":"https:\/\/ekh.w3po.de\/?page_id=82"},"modified":"2025-10-09T14:27:54","modified_gmt":"2025-10-09T12:27:54","slug":"patienten-info","status":"publish","type":"page","link":"https:\/\/ekh3.w3po.de\/ekh4\/patienten-info\/","title":{"rendered":"Patienten-Info"},"content":{"rendered":"\n<h2 class=\"wp-block-heading\">Patienteninformation f\u00fcr Ihren Aufenthalt<\/h2>\n\n\n\n<p>Herzlich willkommen in unserer Klinik! Um Ihren Aufenthalt so angenehm wie m\u00f6glich zu gestalten, bitten wir Sie, vor der Aufnahme einige wichtige Informationen zu beachten.<\/p>\n\n\n\n<h3 class=\"wp-block-heading has-dark-gray-color has-text-color has-link-color wp-elements-0e057f1271825d27a5d4b266a2370795\">Bitte beachten Sie unsere Checkliste<\/h3>\n\n\n\n<p>Schauen Sie sich <strong>unsere ausf\u00fchrliche Checkliste<\/strong> an, in der <strong>im Detail aufgef\u00fchrt<\/strong> ist, <strong>was Sie mitbringen sollten<\/strong> und <strong>was Sie lieber zu Hause lassen<\/strong>. So stellen Sie sicher, dass Sie optimal auf Ihren Aufenthalt vorbereitet sind.<\/p>\n\n\n\n<div class=\"wp-block-columns is-layout-flex wp-container-core-columns-is-layout-a5331a9e wp-block-columns-is-layout-flex\" style=\"padding-top:0;padding-right:0;padding-bottom:0;padding-left:0\">\n<div class=\"wp-block-column is-layout-flow wp-block-column-is-layout-flow\" style=\"flex-basis:50%\">\n<h3 class=\"wp-block-heading has-dark-gray-color has-text-color has-link-color wp-elements-dc6cdcac888117a757293291998c1c39\">Was Sie zur Anmeldung ausgef\u00fcllt mitbringen sollten:<\/h3>\n\n\n\n<ul class=\"wp-block-list\">\n<li><strong>Wichtige Dokumente:<\/strong> Versicherungsunterlagen, Untersuchungsergebnisse, Medikamentenliste, Allergiepass (falls vorhanden).<\/li>\n\n\n\n<li><strong>Pers\u00f6nliche Angaben:<\/strong> Kontaktdaten, Ern\u00e4hrungsw\u00fcnsche, bekannte Allergien oder Unvertr\u00e4glichkeiten.<\/li>\n\n\n\n<li><strong>Medizinische Informationen:<\/strong> Bisherige Operationen, physische und psychische Vorerkrankungen, aktuelle Medikamenteneinnahme.<\/li>\n<\/ul>\n\n\n\n<h3 class=\"wp-block-heading has-dark-gray-color has-text-color has-link-color wp-elements-c24a30c592f65454654ff73e14308504\">Ihre Zufriedenheit z\u00e4hlt<\/h3>\n\n\n\n<p>Nach Ihrem Aufenthalt m\u00f6chten wir Ihr Feedback einholen. Unsere Klinik sch\u00e4tzt Ihre Meinung, da sie uns hilft, die Qualit\u00e4t unserer Leistungen kontinuierlich zu verbessern. Der <strong>Bewertungsbogen<\/strong> ist anonym und gibt Ihnen die M\u00f6glichkeit, alle Bereiche Ihres Aufenthalts \u2013 von der Freundlichkeit des Personals bis zur Ausstattung und Verpflegung \u2013 zu bewerten. <br><br><strong>Haben Sie noch Fragen?<\/strong> Unser Team steht Ihnen jederzeit gerne zur Verf\u00fcgung. <br><br>Ihr Klinikteam<\/p>\n<\/div>\n\n\n\n<div class=\"wp-block-column is-vertically-aligned-top is-layout-flow wp-block-column-is-layout-flow\" style=\"flex-basis:50%\">\n<div class=\"wp-block-columns is-layout-flex wp-container-core-columns-is-layout-a5331a9e wp-block-columns-is-layout-flex\" style=\"padding-top:0;padding-right:0;padding-bottom:0;padding-left:0\">\n<div class=\"wp-block-column is-layout-flow wp-block-column-is-layout-flow\">\n<div data-wp-interactive=\"core\/file\" class=\"wp-block-file\"><object data-wp-bind--hidden=\"!state.hasPdfPreview\" hidden class=\"wp-block-file__embed\" data=\"https:\/\/ekh3.w3po.de\/ekh4\/wp-content\/uploads\/sites\/2\/2025\/10\/Checkliste-1.pdf\" type=\"application\/pdf\" style=\"width:100%;height:250px\" aria-label=\"Einbettung von Checkliste-1.\"><\/object><a id=\"wp-block-file--media-4854ac19-cdb4-4cfc-9014-c42fdcd7bd51\" href=\"https:\/\/ekh3.w3po.de\/ekh4\/wp-content\/uploads\/sites\/2\/2025\/10\/Checkliste-1.pdf\">Checkliste-1<\/a><a href=\"https:\/\/ekh3.w3po.de\/ekh4\/wp-content\/uploads\/sites\/2\/2025\/10\/Checkliste-1.pdf\" class=\"wp-block-file__button wp-element-button\" download aria-describedby=\"wp-block-file--media-4854ac19-cdb4-4cfc-9014-c42fdcd7bd51\">Herunterladen<\/a><\/div>\n<\/div>\n\n\n\n<div class=\"wp-block-column is-layout-flow wp-block-column-is-layout-flow\">\n<div data-wp-interactive=\"core\/file\" class=\"wp-block-file\"><object data-wp-bind--hidden=\"!state.hasPdfPreview\" hidden class=\"wp-block-file__embed\" data=\"https:\/\/ekh3.w3po.de\/ekh4\/wp-content\/uploads\/sites\/2\/2025\/07\/Aufnahmebogen.pdf\" type=\"application\/pdf\" style=\"width:100%;height:250px\" aria-label=\"Einbettung von Aufnahmebogen.\"><\/object><a id=\"wp-block-file--media-bc2969ae-43a9-4274-897c-efb5753e036a\" href=\"https:\/\/ekh3.w3po.de\/ekh4\/wp-content\/uploads\/sites\/2\/2025\/07\/Aufnahmebogen.pdf\">Aufnahmebogen<\/a><a href=\"https:\/\/ekh3.w3po.de\/ekh4\/wp-content\/uploads\/sites\/2\/2025\/07\/Aufnahmebogen.pdf\" class=\"wp-block-file__button wp-element-button\" download aria-describedby=\"wp-block-file--media-bc2969ae-43a9-4274-897c-efb5753e036a\">Herunterladen<\/a><\/div>\n<\/div>\n\n\n\n<div class=\"wp-block-column is-layout-flow wp-block-column-is-layout-flow\">\n<div data-wp-interactive=\"core\/file\" class=\"wp-block-file\"><object data-wp-bind--hidden=\"!state.hasPdfPreview\" hidden class=\"wp-block-file__embed\" data=\"https:\/\/ekh3.w3po.de\/ekh4\/wp-content\/uploads\/sites\/2\/2025\/07\/Patienten-Bewertungsbogen.pdf\" type=\"application\/pdf\" style=\"width:100%;height:250px\" aria-label=\"Einbettung von Patienten-Bewertungsbogen.\"><\/object><a id=\"wp-block-file--media-6cec44b4-9e9d-44a7-853f-75d72a7061c6\" href=\"https:\/\/ekh3.w3po.de\/ekh4\/wp-content\/uploads\/sites\/2\/2025\/07\/Patienten-Bewertungsbogen.pdf\">Patienten-Bewertungsbogen<\/a><a href=\"https:\/\/ekh3.w3po.de\/ekh4\/wp-content\/uploads\/sites\/2\/2025\/07\/Patienten-Bewertungsbogen.pdf\" class=\"wp-block-file__button wp-element-button\" download aria-describedby=\"wp-block-file--media-6cec44b4-9e9d-44a7-853f-75d72a7061c6\">Herunterladen<\/a><\/div>\n<\/div>\n<\/div>\n<\/div>\n<\/div>\n","protected":false},"excerpt":{"rendered":"<p>Patienteninformation f\u00fcr Ihren Aufenthalt Herzlich willkommen in unserer Klinik! Um Ihren Aufenthalt so angenehm wie m\u00f6glich zu gestalten, bitten wir [&hellip;]<\/p>\n","protected":false},"author":1,"featured_media":4165,"parent":0,"menu_order":210,"comment_status":"closed","ping_status":"closed","template":"","meta":{"site-sidebar-layout":"default","site-content-layout":"","ast-site-content-layout":"default","site-content-style":"default","site-sidebar-style":"default","ast-global-header-display":"","ast-banner-title-visibility":"","ast-main-header-display":"","ast-hfb-above-header-display":"","ast-hfb-below-header-display":"","ast-hfb-mobile-header-display":"","site-post-title":"","ast-breadcrumbs-content":"","ast-featured-img":"","footer-sml-layout":"","theme-transparent-header-meta":"","adv-header-id-meta":"","stick-header-meta":"","header-above-stick-meta":"","header-main-stick-meta":"","header-below-stick-meta":"","astra-migrate-meta-layouts":"default","ast-page-background-enabled":"default","ast-page-background-meta":{"desktop":{"background-color":"var(--ast-global-color-5)","background-image":"","background-repeat":"repeat","background-position":"center center","background-size":"auto","background-attachment":"scroll","background-type":"","background-media":"","overlay-type":"","overlay-color":"","overlay-opacity":"","overlay-gradient":""},"tablet":{"background-color":"","background-image":"","background-repeat":"repeat","background-position":"center center","background-size":"auto","background-attachment":"scroll","background-type":"","background-media":"","overlay-type":"","overlay-color":"","overlay-opacity":"","overlay-gradient":""},"mobile":{"background-color":"","background-image":"","background-repeat":"repeat","background-position":"center center","background-size":"auto","background-attachment":"scroll","background-type":"","background-media":"","overlay-type":"","overlay-color":"","overlay-opacity":"","overlay-gradient":""}},"ast-content-background-meta":{"desktop":{"background-color":"var(--ast-global-color-4)","background-image":"","background-repeat":"repeat","background-position":"center center","background-size":"auto","background-attachment":"scroll","background-type":"","background-media":"","overlay-type":"","overlay-color":"","overlay-opacity":"","overlay-gradient":""},"tablet":{"background-color":"var(--ast-global-color-4)","background-image":"","background-repeat":"repeat","background-position":"center center","background-size":"auto","background-attachment":"scroll","background-type":"","background-media":"","overlay-type":"","overlay-color":"","overlay-opacity":"","overlay-gradient":""},"mobile":{"background-color":"var(--ast-global-color-4)","background-image":"","background-repeat":"repeat","background-position":"center center","background-size":"auto","background-attachment":"scroll","background-type":"","background-media":"","overlay-type":"","overlay-color":"","overlay-opacity":"","overlay-gradient":""}},"footnotes":""},"class_list":["post-82","page","type-page","status-publish","has-post-thumbnail","hentry"],"_links":{"self":[{"href":"https:\/\/ekh3.w3po.de\/ekh4\/wp-json\/wp\/v2\/pages\/82","targetHints":{"allow":["GET"]}}],"collection":[{"href":"https:\/\/ekh3.w3po.de\/ekh4\/wp-json\/wp\/v2\/pages"}],"about":[{"href":"https:\/\/ekh3.w3po.de\/ekh4\/wp-json\/wp\/v2\/types\/page"}],"author":[{"embeddable":true,"href":"https:\/\/ekh3.w3po.de\/ekh4\/wp-json\/wp\/v2\/users\/1"}],"replies":[{"embeddable":true,"href":"https:\/\/ekh3.w3po.de\/ekh4\/wp-json\/wp\/v2\/comments?post=82"}],"version-history":[{"count":10,"href":"https:\/\/ekh3.w3po.de\/ekh4\/wp-json\/wp\/v2\/pages\/82\/revisions"}],"predecessor-version":[{"id":4426,"href":"https:\/\/ekh3.w3po.de\/ekh4\/wp-json\/wp\/v2\/pages\/82\/revisions\/4426"}],"wp:featuredmedia":[{"embeddable":true,"href":"https:\/\/ekh3.w3po.de\/ekh4\/wp-json\/wp\/v2\/media\/4165"}],"wp:attachment":[{"href":"https:\/\/ekh3.w3po.de\/ekh4\/wp-json\/wp\/v2\/media?parent=82"}],"curies":[{"name":"wp","href":"https:\/\/api.w.org\/{rel}","templated":true}]}}