{"id":86,"date":"2025-06-26T14:04:29","date_gmt":"2025-06-26T12:04:29","guid":{"rendered":"https:\/\/ekh.w3po.de\/?page_id=86"},"modified":"2025-07-09T15:46:51","modified_gmt":"2025-07-09T13:46:51","slug":"news","status":"publish","type":"page","link":"https:\/\/ekh3.w3po.de\/ekh4\/news\/","title":{"rendered":"News"},"content":{"rendered":"<div class=\"aktuelles-wrapper\" style=\"margin-top: 20px;\"><div class=\"aktuelles-post-wrapper theme_style_2\" style=\"overflow: hidden;width: 100%;\"><div class=\"artikel-thumbnail\" style=\"background-image: url(https:\/\/ekh3.w3po.de\/ekh4\/wp-content\/uploads\/sites\/2\/2025\/09\/25-e1757673656990.jpg); height: px;width: 49%;float: left;margin-bottom: 20px;background-size: cover;background-position: center;\"><\/div><div class=\"artikel-text\" style=\"width: 49%;float: right;\"><a href=\"https:\/\/ekh3.w3po.de\/ekh4\/25-jahre-eilenriede-klinik\/\"><h2>25 Jahre Eilenriede Klinik<\/h2><\/a>Am Freitag, 20.6.2025 fand im Garten der Eilenriede Klinik die Feier zum 25-j\u00e4hrigen Klinik-Jubil\u00e4um statt.<\/div><\/div><div class=\"aktuelles-post-wrapper theme_style_2\" style=\"overflow: hidden;width: 100%;\"><div class=\"artikel-thumbnail\" style=\"background-image: url(https:\/\/ekh3.w3po.de\/ekh4\/wp-content\/uploads\/sites\/2\/2025\/07\/BBild1-scaled-1.jpg); height: px;width: 49%;float: left;margin-bottom: 20px;background-size: cover;background-position: center;\"><\/div><div class=\"artikel-text\" style=\"width: 49%;float: right;\"><a href=\"https:\/\/ekh3.w3po.de\/ekh4\/brandschutz-fortbildung-in-der-eilenriede-klinik\/\"><h2>Brandschutz Fortbildung in der Eilenriede Klinik<\/h2><\/a>Regelm\u00e4\u00dfig veranstaltet die Firma BAD f\u00fcr alle Mitarbeiter eine Fortbildung zum Thema Brandschutz in der Eilenriede Klinik Hannover.<\/div><\/div><div class=\"aktuelles-post-wrapper theme_style_2\" style=\"overflow: hidden;width: 100%;\"><div class=\"artikel-thumbnail\" style=\"background-image: url(https:\/\/ekh3.w3po.de\/ekh4\/wp-content\/uploads\/sites\/2\/2024\/08\/Sprachschule-1.jpeg); height: px;width: 49%;float: left;margin-bottom: 20px;background-size: cover;background-position: center;\"><\/div><div class=\"artikel-text\" style=\"width: 49%;float: right;\"><a href=\"https:\/\/ekh3.w3po.de\/ekh4\/dr-hutter-eroeffnet-sprachschule-in-vietnam\/\"><h2>Dr. Hutter er\u00f6ffnet Sprachschule in Vietnam<\/h2><\/a>Dr. Michael Hutter hat k\u00fcrzlich in Vietnam eine neue Sprachschule er\u00f6ffnet<\/div><\/div><div class=\"aktuelles-post-wrapper theme_style_2\" style=\"overflow: hidden;width: 100%;\"><div class=\"artikel-thumbnail\" style=\"background-image: url(https:\/\/ekh3.w3po.de\/ekh4\/wp-content\/uploads\/sites\/2\/2024\/06\/qualitaetssicherung1.jpg); height: px;width: 49%;float: left;margin-bottom: 20px;background-size: cover;background-position: center;\"><\/div><div class=\"artikel-text\" style=\"width: 49%;float: right;\"><a href=\"https:\/\/ekh3.w3po.de\/ekh4\/eilenriede-klinik-hannover-als-top-privatklinik-in-der-stern-liste-2024-ausgezeichnet-2\/\"><h2>Eilenriede Klinik Hannover als TOP Privatklinik in der Stern Liste 2024 ausgezeichnet<\/h2><\/a>Lesen Sie den qualitativ hochwertigen Bericht im Stern.<\/div><\/div><\/div>\n","protected":false},"excerpt":{"rendered":"","protected":false},"author":1,"featured_media":183,"parent":0,"menu_order":230,"comment_status":"closed","ping_status":"closed","template":"","meta":{"site-sidebar-layout":"default","site-content-layout":"","ast-site-content-layout":"default","site-content-style":"default","site-sidebar-style":"default","ast-global-header-display":"","ast-banner-title-visibility":"","ast-main-header-display":"","ast-hfb-above-header-display":"","ast-hfb-below-header-display":"","ast-hfb-mobile-header-display":"","site-post-title":"","ast-breadcrumbs-content":"","ast-featured-img":"","footer-sml-layout":"","theme-transparent-header-meta":"","adv-header-id-meta":"","stick-header-meta":"","header-above-stick-meta":"","header-main-stick-meta":"","header-below-stick-meta":"","astra-migrate-meta-layouts":"default","ast-page-background-enabled":"default","ast-page-background-meta":{"desktop":{"background-color":"var(--ast-global-color-5)","background-image":"","background-repeat":"repeat","background-position":"center center","background-size":"auto","background-attachment":"scroll","background-type":"","background-media":"","overlay-type":"","overlay-color":"","overlay-opacity":"","overlay-gradient":""},"tablet":{"background-color":"","background-image":"","background-repeat":"repeat","background-position":"center center","background-size":"auto","background-attachment":"scroll","background-type":"","background-media":"","overlay-type":"","overlay-color":"","overlay-opacity":"","overlay-gradient":""},"mobile":{"background-color":"","background-image":"","background-repeat":"repeat","background-position":"center center","background-size":"auto","background-attachment":"scroll","background-type":"","background-media":"","overlay-type":"","overlay-color":"","overlay-opacity":"","overlay-gradient":""}},"ast-content-background-meta":{"desktop":{"background-color":"var(--ast-global-color-4)","background-image":"","background-repeat":"repeat","background-position":"center center","background-size":"auto","background-attachment":"scroll","background-type":"","background-media":"","overlay-type":"","overlay-color":"","overlay-opacity":"","overlay-gradient":""},"tablet":{"background-color":"var(--ast-global-color-4)","background-image":"","background-repeat":"repeat","background-position":"center center","background-size":"auto","background-attachment":"scroll","background-type":"","background-media":"","overlay-type":"","overlay-color":"","overlay-opacity":"","overlay-gradient":""},"mobile":{"background-color":"var(--ast-global-color-4)","background-image":"","background-repeat":"repeat","background-position":"center center","background-size":"auto","background-attachment":"scroll","background-type":"","background-media":"","overlay-type":"","overlay-color":"","overlay-opacity":"","overlay-gradient":""}},"footnotes":""},"class_list":["post-86","page","type-page","status-publish","has-post-thumbnail","hentry"],"_links":{"self":[{"href":"https:\/\/ekh3.w3po.de\/ekh4\/wp-json\/wp\/v2\/pages\/86","targetHints":{"allow":["GET"]}}],"collection":[{"href":"https:\/\/ekh3.w3po.de\/ekh4\/wp-json\/wp\/v2\/pages"}],"about":[{"href":"https:\/\/ekh3.w3po.de\/ekh4\/wp-json\/wp\/v2\/types\/page"}],"author":[{"embeddable":true,"href":"https:\/\/ekh3.w3po.de\/ekh4\/wp-json\/wp\/v2\/users\/1"}],"replies":[{"embeddable":true,"href":"https:\/\/ekh3.w3po.de\/ekh4\/wp-json\/wp\/v2\/comments?post=86"}],"version-history":[{"count":2,"href":"https:\/\/ekh3.w3po.de\/ekh4\/wp-json\/wp\/v2\/pages\/86\/revisions"}],"predecessor-version":[{"id":2607,"href":"https:\/\/ekh3.w3po.de\/ekh4\/wp-json\/wp\/v2\/pages\/86\/revisions\/2607"}],"wp:featuredmedia":[{"embeddable":true,"href":"https:\/\/ekh3.w3po.de\/ekh4\/wp-json\/wp\/v2\/media\/183"}],"wp:attachment":[{"href":"https:\/\/ekh3.w3po.de\/ekh4\/wp-json\/wp\/v2\/media?parent=86"}],"curies":[{"name":"wp","href":"https:\/\/api.w.org\/{rel}","templated":true}]}}